{"id":25275,"date":"2019-11-20T16:37:33","date_gmt":"2019-11-20T14:37:33","guid":{"rendered":"http:\/\/lavanderialapajarita.com\/rsc\/"},"modified":"2020-01-16T18:06:38","modified_gmt":"2020-01-16T16:06:38","slug":"rse","status":"publish","type":"page","link":"https:\/\/lavanderialapajarita.com\/fr\/rse\/","title":{"rendered":"RSE"},"content":{"rendered":"<p>[vc_row full_width=\u00a0\u00bbstretch_row_content_no_spaces\u00a0\u00bb css=\u00a0\u00bb.vc_custom_1574845250712{margin-bottom: 0px !important;background-color: #fbfbfb !important;}\u00a0\u00bb][vc_column]<h1 class=\"boc_heading  center  \"  style=\"margin-bottom: 50px;margin-top: 50px;color: #00adef;font-size: 50px;\"><span>responsabilit\u00e9 sociale d&rsquo;entreprise<\/span><\/h1>[\/vc_column][\/vc_row][vc_row equal_height=\u00a0\u00bbyes\u00a0\u00bb content_placement=\u00a0\u00bbmiddle\u00a0\u00bb css=\u00a0\u00bb.vc_custom_1574851770027{padding-top: 30px !important;padding-bottom: 0px !important;}\u00a0\u00bb][vc_column width=\u00a0\u00bb1\/2&Prime;][vc_column_text el_class=\u00a0\u00bbtextgran\u00a0\u00bb]<\/p>\n<div class=\"page\" title=\"Page 17\">\n<div class=\"section\">\n<div class=\"layoutArea\">\n<div class=\"column\">\n<p>La Lavander\u00eda la Pajarita est une entreprise locale qui travaille constamment pour am\u00e9liorer la qualit\u00e9 de ses services et renforcer son engagement envers ses clients.<\/p>\n<p>Notre philosophie est bas\u00e9e sur une attention personnelle envers nos clients pour garantir leur satisfaction. Ainsi, nous avons pour objectif l\u2019attention familiale et respectueuse envers les employ\u00e9s et l\u2019environnement.<\/p>\n<\/div>\n<\/div>\n<\/div>\n<\/div>\n<p>[\/vc_column_text][vc_column_text]<\/p>\n<div class=\"page\" title=\"Page 17\">\n<div class=\"section\">\n<div class=\"layoutArea\">\n<div class=\"column\">\n<p>Les entreprises sont le moteur principal de l\u2019\u00e9conomie et en tant que tel, nous avons un grand impact, aussi bien sur la soci\u00e9t\u00e9 que sur notre environnement. C\u2019est pour cela que nous sommes charg\u00e9s de contribuer activement et volontairement \u00e0 l\u2019am\u00e9lioration sociale, \u00e9conomique et environnementale.<\/p>\n<p>Nous consid\u00e9rons qu\u2019une pratique plus humaine et durable est possible, en plus d\u2019\u00eatre enti\u00e8rement compatible avec les activit\u00e9s \u00e9conomiques de quelconque entreprise.<\/p>\n<p>Notre philosophie de responsabilit\u00e9 sociale d\u2019entreprise se centre sur trois principaux domaines d\u2019intervention :<\/p>\n<\/div>\n<\/div>\n<\/div>\n<\/div>\n<p>[\/vc_column_text]<div class=\"boc_spacing \" style=\"height: 20px\"><\/div>[\/vc_column][vc_column width=\u00a0\u00bb1\/2&Prime;][vc_single_image alignment=\u00a0\u00bbcenter\u00a0\u00bb image=\u00a0\u00bb25403&Prime;][vc_single_image alignment=\u00a0\u00bbcenter\u00a0\u00bb image=\u00a0\u00bb25407&Prime;][vc_single_image alignment=\u00a0\u00bbcenter\u00a0\u00bb image=\u00a0\u00bb25400&Prime;]<div class=\"boc_spacing \" style=\"height: 20px\"><\/div>[\/vc_column][\/vc_row]<\/p>\n","protected":false},"excerpt":{"rendered":"<p>[vc_row full_width=\u00a0\u00bbstretch_row_content_no_spaces\u00a0\u00bb css=\u00a0\u00bb.vc_custom_1574845250712{margin-bottom: 0px !important;background-color: #fbfbfb !important;}\u00a0\u00bb][vc_column][\/vc_column][\/vc_row][vc_row equal_height=\u00a0\u00bbyes\u00a0\u00bb content_placement=\u00a0\u00bbmiddle\u00a0\u00bb css=\u00a0\u00bb.vc_custom_1574851770027{padding-top: 30px !important;padding-bottom: 0px !important;}\u00a0\u00bb][vc_column width=\u00a0\u00bb1\/2&Prime;][vc_column_text el_class=\u00a0\u00bbtextgran\u00a0\u00bb] La Lavander\u00eda la Pajarita est une entreprise locale qui travaille constamment pour am\u00e9liorer la qualit\u00e9 de ses services et renforcer son engagement envers ses clients. Notre philosophie est bas\u00e9e sur une attention personnelle envers nos clients pour garantir leur satisfaction. Ainsi, nous avons pour<\/p>\n<div class=\"h10\"><\/div>\n<p><a class=\"more-link2 flat\" href=\"https:\/\/lavanderialapajarita.com\/fr\/rse\/\">Read more<\/a><\/p>\n","protected":false},"author":1,"featured_media":0,"parent":0,"menu_order":36,"comment_status":"open","ping_status":"closed","template":"","meta":[],"_links":{"self":[{"href":"https:\/\/lavanderialapajarita.com\/fr\/wp-json\/wp\/v2\/pages\/25275"}],"collection":[{"href":"https:\/\/lavanderialapajarita.com\/fr\/wp-json\/wp\/v2\/pages"}],"about":[{"href":"https:\/\/lavanderialapajarita.com\/fr\/wp-json\/wp\/v2\/types\/page"}],"author":[{"embeddable":true,"href":"https:\/\/lavanderialapajarita.com\/fr\/wp-json\/wp\/v2\/users\/1"}],"replies":[{"embeddable":true,"href":"https:\/\/lavanderialapajarita.com\/fr\/wp-json\/wp\/v2\/comments?post=25275"}],"version-history":[{"count":3,"href":"https:\/\/lavanderialapajarita.com\/fr\/wp-json\/wp\/v2\/pages\/25275\/revisions"}],"predecessor-version":[{"id":25415,"href":"https:\/\/lavanderialapajarita.com\/fr\/wp-json\/wp\/v2\/pages\/25275\/revisions\/25415"}],"wp:attachment":[{"href":"https:\/\/lavanderialapajarita.com\/fr\/wp-json\/wp\/v2\/media?parent=25275"}],"curies":[{"name":"wp","href":"https:\/\/api.w.org\/{rel}","templated":true}]}}