{"id":25269,"date":"2019-11-21T11:10:04","date_gmt":"2019-11-21T09:10:04","guid":{"rendered":"http:\/\/lavanderialapajarita.com\/avis-legal\/"},"modified":"2020-01-22T17:54:44","modified_gmt":"2020-01-22T15:54:44","slug":"avis-legal","status":"publish","type":"page","link":"https:\/\/lavanderialapajarita.com\/fr\/avis-legal\/","title":{"rendered":"Avis legal"},"content":{"rendered":"<p>[vc_row full_width=\u00a0\u00bbstretch_row_content_no_spaces\u00a0\u00bb css=\u00a0\u00bb.vc_custom_1574071008328{margin-bottom: 0px !important;background-color: #d7d7d7 !important;}\u00a0\u00bb][vc_column]<h1 class=\"boc_heading  center  \"  style=\"margin-bottom: 50px;margin-top: 50px;color: #00adef;font-size: 50px;\"><span>AVIS LEGAL<\/span><\/h1>[\/vc_column][\/vc_row][vc_row css=\u00a0\u00bb.vc_custom_1574326821590{padding-top: 80px !important;padding-bottom: 80px !important;}\u00a0\u00bb][vc_column][vc_column_text]Le site Web et le domaine <em>lavanderialapajarita.com <\/em>appartiennent \u00e0 Lavander\u00eda La Pajarita S.L.U., immatricul\u00e9e sous le num\u00e9ro (NIF) B57872756, dont le si\u00e8ge social est situ\u00e9 Gremi Boneters n\u00ba49, 07009 Palma de Mallorca et tel. 971 43 29 53, adresse \u00e9lectronique <em>info@lavanderialapajarita.com<\/em>.<\/p>\n<p><strong>PROPRI\u00c9T\u00c9 INTELLECTUELLE ET INDUSTRIELLE<\/strong><\/p>\n<p>Les droits sur les contenus de ce site, y compris les textes, les images, les conceptions graphiques, les marques et autres signes distinctifs (dor\u00e9navant \u00ab les contenus \u00bb) appartiennent \u00e0 La Pajarita ou \u00e0 des tiers qui en ont autoris\u00e9 l\u2019utilisation. La Pajarita pr\u00e9sente ces contenus pour informer sur ses services et activit\u00e9s. Bugaderia l\u2019Empord\u00e0 autorise l\u2019utilisation des contenus \u00e0 des fins non commerciales \u00e0 condition d\u2019indiquer la source de fa\u00e7on claire. Si les contenus s\u2019utilisent dans des environnements Web, il faudra inclure un lien vers <u><a href=\"https:\/\/lavanderialapajarita.com\/fr\/\">la page d\u2019accueil du site Web<\/a><\/u>. La Pajarita se r\u00e9serve le droit d\u2019engager les proc\u00e9dures judiciaires n\u00e9cessaires pour d\u00e9fendre ses droits de propri\u00e9t\u00e9 intellectuelle ou industrielle.<\/p>\n<p>Les pr\u00e9sentations des contenus du site ne sont pas autoris\u00e9es sur une fen\u00eatre autre que\u00a0<a href=\"http:\/\/www.bugaderiaemporda.com\/\">http:\/\/www.lavanderialapajarita.com\/<\/a>\u00a0(framing).<\/p>\n<p><strong>RESPONSABILIT\u00c9 SUR LES CONTENUS<\/strong><\/p>\n<p>Malgr\u00e9 la diligence dont La Pajarita fait preuve, il pourrait arriver que certaines donn\u00e9es ou information nouvelle ne soient pas totalement mises \u00e0 jour au moment o\u00f9 l\u2019internaute du site Web le consulte. C\u2019est pourquoi, La Pajarita manifeste que les r\u00e9f\u00e9rences des services pr\u00e9sentes sur son site Web sont \u00e0 titre indicatif et n\u2019obligent La Pajarita jusqu\u2019\u00e0 l\u2019acceptation expresse d\u2019une commande.<\/p>\n<p>La Pajarita se r\u00e9serve le droit de modifier unilat\u00e9ralement, \u00e0 tout moment et sans pr\u00e9avis, la pr\u00e9sentation, la configuration et les contenus du site.<\/p>\n<p>La Pajarita ne sera en aucun cas responsable de l\u2019information pouvant \u00eatre obtenue \u00e0 travers les liens inclus sur le site.<\/p>\n<p><strong>CONDITIONS D\u2019UTILISATION<\/strong><\/p>\n<p>L\u2019utilisation de ce site implique l\u2019acceptation pleine des termes et conditions de la pr\u00e9sente notice l\u00e9gale. Les \u00e9ventuels conflits concernant ce site Web seront r\u00e9gis exclusivement par le droit de l\u2019\u00c9tat espagnol. Toute personne utilisant le site Web, ind\u00e9pendamment de la juridiction territoriale d\u2019o\u00f9 se produit son acc\u00e8s, accepte d\u2019accomplir et de respecter ces clauses en renon\u00e7ant express\u00e9ment \u00e0 toute autre juridiction pouvant lui correspondre.[\/vc_column_text][\/vc_column][\/vc_row][vc_row][vc_column][vc_column_text]<\/p>\n<p>L\u2019\u00fas d\u2019aquest web implica l\u2019acceptaci\u00f3 plena dels termes i condicions del present av\u00eds legal. Els possibles conflictes relatius a aquest web es regiran exclusivament pel dret de l\u2019Estat espanyol. Tota persona usu\u00e0ria del web, independentment de la jurisdicci\u00f3 territorial des de la qual es produeixi el seu acc\u00e9s, accepta el compliment i respecte d\u2019aquestes cl\u00e0usules amb ren\u00fancia expressa a qualsevol altre fur que li pogu\u00e9s cor-respondre.[\/vc_column_text][\/vc_column][\/vc_row]<\/p>\n","protected":false},"excerpt":{"rendered":"<p>[vc_row full_width=\u00a0\u00bbstretch_row_content_no_spaces\u00a0\u00bb css=\u00a0\u00bb.vc_custom_1574071008328{margin-bottom: 0px !important;background-color: #d7d7d7 !important;}\u00a0\u00bb][vc_column][\/vc_column][\/vc_row][vc_row css=\u00a0\u00bb.vc_custom_1574326821590{padding-top: 80px !important;padding-bottom: 80px !important;}\u00a0\u00bb][vc_column][vc_column_text]Le site Web et le domaine lavanderialapajarita.com appartiennent \u00e0 Lavander\u00eda La Pajarita S.L.U., immatricul\u00e9e sous le num\u00e9ro (NIF) B57872756, dont le si\u00e8ge social est situ\u00e9 Gremi Boneters n\u00ba49, 07009 Palma de Mallorca et tel. 971 43 29 53, adresse \u00e9lectronique info@lavanderialapajarita.com. PROPRI\u00c9T\u00c9 INTELLECTUELLE ET INDUSTRIELLE Les droits sur les<\/p>\n<div class=\"h10\"><\/div>\n<p><a class=\"more-link2 flat\" href=\"https:\/\/lavanderialapajarita.com\/fr\/avis-legal\/\">Read more<\/a><\/p>\n","protected":false},"author":1,"featured_media":0,"parent":0,"menu_order":43,"comment_status":"open","ping_status":"closed","template":"","meta":[],"_links":{"self":[{"href":"https:\/\/lavanderialapajarita.com\/fr\/wp-json\/wp\/v2\/pages\/25269"}],"collection":[{"href":"https:\/\/lavanderialapajarita.com\/fr\/wp-json\/wp\/v2\/pages"}],"about":[{"href":"https:\/\/lavanderialapajarita.com\/fr\/wp-json\/wp\/v2\/types\/page"}],"author":[{"embeddable":true,"href":"https:\/\/lavanderialapajarita.com\/fr\/wp-json\/wp\/v2\/users\/1"}],"replies":[{"embeddable":true,"href":"https:\/\/lavanderialapajarita.com\/fr\/wp-json\/wp\/v2\/comments?post=25269"}],"version-history":[{"count":3,"href":"https:\/\/lavanderialapajarita.com\/fr\/wp-json\/wp\/v2\/pages\/25269\/revisions"}],"predecessor-version":[{"id":25544,"href":"https:\/\/lavanderialapajarita.com\/fr\/wp-json\/wp\/v2\/pages\/25269\/revisions\/25544"}],"wp:attachment":[{"href":"https:\/\/lavanderialapajarita.com\/fr\/wp-json\/wp\/v2\/media?parent=25269"}],"curies":[{"name":"wp","href":"https:\/\/api.w.org\/{rel}","templated":true}]}}