{"id":25255,"date":"2019-11-19T18:25:38","date_gmt":"2019-11-19T16:25:38","guid":{"rendered":"http:\/\/lavanderialapajarita.com\/garantia\/"},"modified":"2024-06-07T12:56:44","modified_gmt":"2024-06-07T10:56:44","slug":"garantie","status":"publish","type":"page","link":"https:\/\/lavanderialapajarita.com\/fr\/garantie\/","title":{"rendered":"Garantie"},"content":{"rendered":"<p>[vc_row full_width=\u00a0\u00bbstretch_row_content_no_spaces\u00a0\u00bb css=\u00a0\u00bb.vc_custom_1574844549783{margin-bottom: 0px !important;background-color: #fbfbfb !important;}\u00a0\u00bb][vc_column]<h1 class=\"boc_heading  center  \"  style=\"margin-bottom: 50px;margin-top: 50px;color: #00adef;font-size: 50px;\"><span>RECONNAISSANCE ET CERTIFICATS<\/span><\/h1>[\/vc_column][\/vc_row][vc_row full_width=\u00a0\u00bbstretch_row_content_no_spaces\u00a0\u00bb css=\u00a0\u00bb.vc_custom_1574181072972{margin-bottom: 0px !important;}\u00a0\u00bb][vc_column][rev_slider_vc alias=\u00a0\u00bbgarantia\u00a0\u00bb el_class=\u00a0\u00bbslidersensemarge\u00a0\u00bb][\/vc_column][\/vc_row][vc_row full_width=\u00a0\u00bbstretch_row_content_no_spaces\u00a0\u00bb equal_height=\u00a0\u00bbyes\u00a0\u00bb css=\u00a0\u00bb.vc_custom_1573661300662{margin-top: 0px !important;margin-right: 0px !important;margin-bottom: 0px !important;margin-left: 0px !important;}\u00a0\u00bb][vc_column width=\u00a0\u00bb2\/3&Prime; el_class=\u00a0\u00bbequal_height_column white_color\u00a0\u00bb][vc_row_inner][vc_column_inner css=\u00a0\u00bb.vc_custom_1573657420895{padding-top: 11% !important;padding-right: 18% !important;padding-bottom: 11% !important;padding-left: 18% !important;}\u00a0\u00bb]<h2 class=\"boc_heading  al_left  \"  style=\"margin-bottom: 20px;margin-top: 0px;color: #333;\"><span>LES MEILLEURS NOUS FONT CONFIANCE<\/span><\/h2>[vc_column_text]Notre niveau d\u2019exigence rigoureux nous permet de proposer des services de blanchissage et location de linge aux clients les plus renomm\u00e9s du secteur h\u00f4telier. Lavanderia La Pajarita a consolid\u00e9 un portefeuille de clients tr\u00e8s important et diversifi\u00e9 dans le secteur haut de gamme. Ainsi, nous travaillons pour accomplir les exigences de n\u2019importe quel profil de client, parmi les h\u00f4tels 5 \u00e9toiles Grand Luxe, les h\u00f4tels 4 \u00e9toiles et dans une moindre mesure, le reste d\u2019h\u00f4tels, aussi bien des marques h\u00f4teli\u00e8res nationales qu\u2019internationales. Veuillez nous contacter pour de plus amples renseignements ou pour obtenir des r\u00e9f\u00e9rences de nos clients.[\/vc_column_text]<a\thref=\"\/contacte\" \n\t\t\t\tclass=\"button btn_medium btn_dark btn_circled btn_outline icon_pos_after   \"  target='_self'><span>CONTACTEZ-NOUS<\/span> <i class='icon icon-chevron-right'><\/i> <\/a>[\/vc_column_inner][\/vc_row_inner][\/vc_column][vc_column width=\u00a0\u00bb1\/3&Prime; el_class=\u00a0\u00bbequal_height_column alturaminima\u00a0\u00bb css=\u00a0\u00bb.vc_custom_1579191569136{background-image: url(https:\/\/lavanderialapajarita.com\/wp-content\/uploads\/2020\/01\/pajarita-img-garantia-02.jpg?id=25203) !important;background-position: center !important;background-repeat: no-repeat !important;background-size: cover !important;}\u00a0\u00bb][\/vc_column][\/vc_row][vc_row full_width=\u00a0\u00bbstretch_row_content_no_spaces\u00a0\u00bb equal_height=\u00a0\u00bbyes\u00a0\u00bb css=\u00a0\u00bb.vc_custom_1574844951154{margin-top: 0px !important;margin-right: 0px !important;margin-bottom: 0px !important;margin-left: 0px !important;padding-top: 10px !important;padding-bottom: 0px !important;}\u00a0\u00bb][vc_column width=\u00a0\u00bb2\/3&Prime; el_class=\u00a0\u00bbequal_height_column white_color\u00a0\u00bb][\/vc_column][vc_column width=\u00a0\u00bb1\/3&Prime; el_class=\u00a0\u00bbequal_height_column\u00a0\u00bb css=\u00a0\u00bb.vc_custom_1574844911212{background-position: center !important;background-repeat: no-repeat !important;background-size: cover !important;}\u00a0\u00bb][\/vc_column][\/vc_row][vc_row css=\u00a0\u00bb.vc_custom_1573815095343{padding-top: 80px !important;padding-bottom: 50px !important;}\u00a0\u00bb][vc_column]<h2 class=\"boc_heading  center  \"  style=\"margin-bottom: 30px;margin-top: 0px;color: #333333;\"><span>NOUS FONT CONFIANCE<\/span><\/h2><div class=\"img_carousel_holder  owl_side_arrows\">\t<div class=\"img_carousel mfp_gallery\" id=\"img_carousel_1038\" style=\"opacity:0;\"><div class=\"img_carousel_item boc_owl_lazy\">\t<div class=\"pic  img_hover_effect2\">\n\t\t\t\t\t\t\t\t<a href=\"https:\/\/www.hotelsantfrancesc.com\" class=\" tooltipsy\" original-title=\"Sant Francesc Hotel Singular\" target=\"_blank\">\n\t\t\t\t\t\t\t\t\t<img src=\"https:\/\/lavanderialapajarita.com\/wp-content\/uploads\/2020\/01\/be_logo_003_sant_francesc.jpg\" alt=\"\" \/>\n\t\t\t\t\t\t\t\t<\/a>\n\t\t\t\t\t\t\t<\/div>\n\t\t\t\t\t\t<\/div><div class=\"img_carousel_item boc_owl_lazy\">\t<div class=\"pic  img_hover_effect2\">\n\t\t\t\t\t\t\t\t<a href=\"https:\/\/www.puresaltluxuryhotels.com\" class=\" tooltipsy\" original-title=\"Pure Salt Luxury Hotels\" target=\"_blank\">\n\t\t\t\t\t\t\t\t\t<img src=\"https:\/\/lavanderialapajarita.com\/wp-content\/uploads\/2020\/01\/be_logo_004_pure_salt.jpg\" alt=\"\" \/>\n\t\t\t\t\t\t\t\t<\/a>\n\t\t\t\t\t\t\t<\/div>\n\t\t\t\t\t\t<\/div><div class=\"img_carousel_item boc_owl_lazy\">\t<div class=\"pic  img_hover_effect2\">\n\t\t\t\t\t\t\t\t<a href=\"https:\/\/www.posadaterrasanta.com\" class=\" tooltipsy\" original-title=\"Posada Terra Santa\" target=\"_blank\">\n\t\t\t\t\t\t\t\t\t<img src=\"https:\/\/lavanderialapajarita.com\/wp-content\/uploads\/2020\/01\/be_logo_005_posada.jpg\" alt=\"\" \/>\n\t\t\t\t\t\t\t\t<\/a>\n\t\t\t\t\t\t\t<\/div>\n\t\t\t\t\t\t<\/div><div class=\"img_carousel_item boc_owl_lazy\">\t<div class=\"pic  img_hover_effect2\">\n\t\t\t\t\t\t\t\t<a href=\"https:\/\/www.itmallorcauniquespaces.com\/es\/\" class=\" tooltipsy\" original-title=\"IT Mallorca\" target=\"_blank\">\n\t\t\t\t\t\t\t\t\t<img src=\"https:\/\/lavanderialapajarita.com\/wp-content\/uploads\/2020\/01\/be_logo_006_it_mallorca.jpg\" alt=\"\" \/>\n\t\t\t\t\t\t\t\t<\/a>\n\t\t\t\t\t\t\t<\/div>\n\t\t\t\t\t\t<\/div><div class=\"img_carousel_item boc_owl_lazy\">\t<div class=\"pic  img_hover_effect2\">\n\t\t\t\t\t\t\t\t<a href=\"https:\/\/www.esprincep.com\/es\" class=\" tooltipsy\" original-title=\"Es Pr\u00edncep Hotel\" target=\"_blank\">\n\t\t\t\t\t\t\t\t\t<img src=\"https:\/\/lavanderialapajarita.com\/wp-content\/uploads\/2020\/01\/be_logo_007_es_princep.jpg\" alt=\"\" \/>\n\t\t\t\t\t\t\t\t<\/a>\n\t\t\t\t\t\t\t<\/div>\n\t\t\t\t\t\t<\/div><div class=\"img_carousel_item boc_owl_lazy\">\t<div class=\"pic  img_hover_effect2\">\n\t\t\t\t\t\t\t\t<a href=\"https:\/\/www.jumeirah.com\/Stay\/Mallorca\/Jumeirah-Port-Soller-Hotel-and-Spa\" class=\" tooltipsy\" original-title=\"Jumeirah\" target=\"_blank\">\n\t\t\t\t\t\t\t\t\t<img src=\"https:\/\/lavanderialapajarita.com\/wp-content\/uploads\/2020\/01\/be_logo_008_jumeirah.jpg\" alt=\"\" \/>\n\t\t\t\t\t\t\t\t<\/a>\n\t\t\t\t\t\t\t<\/div>\n\t\t\t\t\t\t<\/div><div class=\"img_carousel_item boc_owl_lazy\">\t<div class=\"pic  img_hover_effect2\">\n\t\t\t\t\t\t\t\t<a href=\"https:\/\/www.hotelalmudaina.com\" class=\" tooltipsy\" original-title=\"Hotel Almudaina\" target=\"_blank\">\n\t\t\t\t\t\t\t\t\t<img src=\"https:\/\/lavanderialapajarita.com\/wp-content\/uploads\/2020\/01\/be_logo_010_almudaina.jpg\" alt=\"\" \/>\n\t\t\t\t\t\t\t\t<\/a>\n\t\t\t\t\t\t\t<\/div>\n\t\t\t\t\t\t<\/div><div class=\"img_carousel_item boc_owl_lazy\">\t<div class=\"pic  img_hover_effect2\">\n\t\t\t\t\t\t\t\t<a href=\"https:\/\/caprocat.com\" class=\" tooltipsy\" original-title=\"Hotel Cap Rocat\" target=\"_blank\">\n\t\t\t\t\t\t\t\t\t<img src=\"https:\/\/lavanderialapajarita.com\/wp-content\/uploads\/2020\/01\/be_logo_002_cap_rocat.jpg\" alt=\"\" \/>\n\t\t\t\t\t\t\t\t<\/a>\n\t\t\t\t\t\t\t<\/div>\n\t\t\t\t\t\t<\/div><div class=\"img_carousel_item boc_owl_lazy\">\t<div class=\"pic  img_hover_effect2\">\n\t\t\t\t\t\t\t\t<a href=\"https:\/\/www.meliahotelsinternational.com\" class=\" tooltipsy\" original-title=\"Meli\u00e0 Hotels Internacional\" target=\"_blank\">\n\t\t\t\t\t\t\t\t\t<img src=\"https:\/\/lavanderialapajarita.com\/wp-content\/uploads\/2020\/01\/be_logo_001_melia.jpg\" alt=\"\" \/>\n\t\t\t\t\t\t\t\t<\/a>\n\t\t\t\t\t\t\t<\/div>\n\t\t\t\t\t\t<\/div><div class=\"img_carousel_item boc_owl_lazy\">\t<div class=\"pic  img_hover_effect2\">\n\t\t\t\t\t\t\t\t<a href=\"https:\/\/www.hotelmama.es\" class=\" tooltipsy\" original-title=\"Hotel Mama\" target=\"_blank\">\n\t\t\t\t\t\t\t\t\t<img src=\"https:\/\/lavanderialapajarita.com\/wp-content\/uploads\/2020\/01\/be_logo_009_mama.jpg\" alt=\"\" \/>\n\t\t\t\t\t\t\t\t<\/a>\n\t\t\t\t\t\t\t<\/div>\n\t\t\t\t\t\t<\/div><\/div>\n\t\t\t\t <\/div>\n\t\t\t\t\t<!-- Image Slider -->\n\t\t\t\t\t<script type=\"text\/javascript\">\n\n\t\t\t\t\t\tjQuery(document).ready(function($) {\n\t\t\t\t\t\t\t\n\t\t\t\t\t\t\tvar carousel = jQuery(\"#img_carousel_1038\");\n\t\t\t\t\t\t\t\n\t\t\t\t\t\t\tvar args = {\n\t\t\t\t\t\t\t\t\titems: \t\t\t\t5,\n\t\t\t\t\t\t\t\t\tslideBy: \t\t\t1,\t\t\t\t\t\t\n\t\t\t\t\t\t\t\t\tautoplay:\t\t\ttrue,\n\t\t\t\t\t\t\t\t\tautoplayTimeout:\t4000,\n\t\t\t\t\t\t\t\t\tnav: \t\t\t\ttrue,\n\t\t\t\t\t\t\t\t\tdots: \t\t\t\tfalse,\n\t\t\t\t\t\t\t\t\tloop: \t\t\t\tfalse,\n\t\t\t\t\t\t\t\t\tsmartSpeed:\t\t\t500,\n\t\t\t\t\t\t\t\t\tnavText:\t\t\t[\"<span class='icon  icon-angle-left-circle'><\/span>\",\"<span class='icon icon-angle-right-circle'><\/span>\"],\n\t\t\t\t\t\t\t\t\tnavRewind: \t\t\tfalse,\n\t\t\t\t\t\t\t\t\trtl : \t\t\t\tfalse,\n\t\t\t\t\t\t\t\t\tmargin: \t\t\t25,\n\t\t\t\t\t\t\t\t\tresponsive:{\n\t\t\t\t\t\t\t\t\t\t0:{\n\t\t\t\t\t\t\t\t\t\t  items:1,\n\t\t\t\t\t\t\t\t\t\t},\n\t\t\t\t\t\t\t\t\t\t480:{\n\t\t\t\t\t\t\t\t\t\t  items:1,\n\t\t\t\t\t\t\t\t\t\t  margin:20,\n\t\t\t\t\t\t\t\t\t\t},\n\t\t\t\t\t\t\t\t\t\t769:{\n\t\t\t\t\t\t\t\t\t\t  items:5\n\t\t\t\t\t\t\t\t\t\t}\n\t\t\t\t\t\t\t\t\t},\n\t\t\t\t\t\t\t\t\tonInitialized: showCarousel_1038\n\t\t\t\t\t\t\t};\n\t\t\t\t\t\t\t\n\t\t\t\t\t\t\tcarousel.owlCarousel(args);\n\n\t\t\t\t\t\t\tvar initital_width = carousel.css(\"width\");\t\t\n\t\t\t\t\t\t\t\t\n\t\t\t\t\t\t\t\/* Refresh it for full width rows *\/\n\t\t\t\t\t\t\t$(window).load(function(){\n\t\t\t\t\t\t\t\tif(carousel.css(\"width\") != initital_width) {\n\t\t\t\t\t\t\t\t\tcarousel.trigger(\"destroy.owl.carousel\").removeClass(\"owl-carousel owl-loaded\");\n\t\t\t\t\t\t\t\t\tcarousel.find(\".owl-stage-outer\").children().unwrap();\n\t\t\t\t\t\t\t\t\tcarousel.owlCarousel(args);\n\t\t\t\t\t\t\t\t}\n\t\t\t\t\t\t\t});\n\t\t\t\t\t\t\t\n\t\t\t\t\t\t\t\/* Show once loaded *\/\n\t\t\t\t\t\t\tfunction showCarousel_1038() {\n\t\t\t\t\t\t\t\tcarousel.fadeTo(0,1);\n\t\t\t\t\t\t\t\t$(\"#img_carousel_1038 .owl-item .boc_owl_lazy\").css(\"opacity\",\"1\");\n\t\t\t\t\t\t\t}\n\t\t\t\t\t\t});\n\t\t\t\t\t\t\n\t\t\t\t\t<\/script>\n\t\t\t\t\t<!-- Image Slider :: END -->[\/vc_column][\/vc_row][vc_row full_width=\u00a0\u00bbstretch_row\u00a0\u00bb equal_height=\u00a0\u00bbyes\u00a0\u00bb bg_type=\u00a0\u00bbbg_color\u00a0\u00bb el_class=\u00a0\u00bbno_text_transform\u00a0\u00bb css=\u00a0\u00bb.vc_custom_1574850785119{margin-bottom: 0px !important;padding-top: 80px !important;padding-bottom: 80px !important;}\u00a0\u00bb bg_color_value=\u00a0\u00bb#d7d7d7&Prime;][vc_column][vc_row_inner equal_height=\u00a0\u00bbyes\u00a0\u00bb content_placement=\u00a0\u00bbmiddle\u00a0\u00bb css=\u00a0\u00bb.vc_custom_1574247151869{margin-top: 0px !important;margin-right: 0px !important;margin-bottom: 0px !important;margin-left: 0px !important;padding-top: 0px !important;padding-right: 0px !important;padding-bottom: 0px !important;padding-left: 0px !important;background-color: #ffffff !important;}\u00a0\u00bb][vc_column_inner el_class=\u00a0\u00bbequal_height_column alturaminima\u00a0\u00bb width=\u00a0\u00bb1\/2&Prime; css=\u00a0\u00bb.vc_custom_1579187977253{margin-top: 0px !important;margin-right: 0px !important;margin-bottom: 0px !important;margin-left: 0px !important;padding-top: 0px !important;padding-right: 0px !important;padding-bottom: 0px !important;padding-left: 0px !important;background-image: url(https:\/\/lavanderialapajarita.com\/wp-content\/uploads\/2020\/01\/pajarita-img-garantia-03.jpg?id=25207) !important;background-position: center !important;background-repeat: no-repeat !important;background-size: cover !important;}\u00a0\u00bb][\/vc_column_inner][vc_column_inner el_class=\u00a0\u00bbequal_height_column white_color\u00a0\u00bb width=\u00a0\u00bb1\/2&Prime; css=\u00a0\u00bb.vc_custom_1574247201118{padding-top: 52px !important;padding-right: 52px !important;padding-bottom: 52px !important;padding-left: 52px !important;}\u00a0\u00bb]<h2 class=\"boc_heading  al_left  \"  style=\"margin-bottom: 20px;margin-top: 0px;color: #333;\"><span>NOTRE PROPRE TRANSPORT <\/span><\/h2>[vc_column_text]Lavander\u00eda La Pajarita compte sa propre flotte de camions. C\u2019est pour cela que nous pouvons garantir que depuis 2014 nous n\u2019avons cess\u00e9 un seul jour de servir nos clients. Notre flotte actuelle \u00e0 Majorque a :[\/vc_column_text]<div class=\"boc_list_item  \" >\n\t\t\t\t\t<span class=\"li_icon normal \" style=\"\"><i class=\"icon icon-check2\" style=\"color: #333333;\"><\/i><\/span>\n\t\t\t\t\t<div class=\"boc_list_item_text normal\">7 camions de diff\u00e9rents tonnelages, jusqu\u2019\u00e0 12t, pour un contr\u00f4le absolu des livraisons \u00e0 chaque client.<\/div>\n\t\t\t\t   <\/div>[\/vc_column_inner][\/vc_row_inner][\/vc_column][\/vc_row][vc_row full_width=\u00a0\u00bbstretch_row\u00a0\u00bb equal_height=\u00a0\u00bbyes\u00a0\u00bb bg_type=\u00a0\u00bbimage\u00a0\u00bb parallax_style=\u00a0\u00bbvcpb-vz-jquery\u00a0\u00bb bg_image_new=\u00a0\u00bb23819&Prime; bg_image_repeat=\u00a0\u00bbno-repeat\u00a0\u00bb parallax_sense=\u00a0\u00bb40&Prime; disable_on_mobile_img_parallax=\u00a0\u00bboff\u00a0\u00bb el_class=\u00a0\u00bbno_text_transform\u00a0\u00bb css=\u00a0\u00bb.vc_custom_1573823909106{margin-bottom: 0px !important;padding-top: 80px !important;padding-bottom: 60px !important;}\u00a0\u00bb][vc_column][vc_row_inner equal_height=\u00a0\u00bbyes\u00a0\u00bb content_placement=\u00a0\u00bbmiddle\u00a0\u00bb css=\u00a0\u00bb.vc_custom_1574243730549{margin-top: 0px !important;margin-right: 0px !important;margin-bottom: 0px !important;margin-left: 0px !important;padding-top: 32px !important;padding-right: 32px !important;padding-bottom: 32px !important;padding-left: 32px !important;background-color: rgba(255,255,255,0.7) !important;*background-color: rgb(255,255,255) !important;}\u00a0\u00bb][vc_column_inner width=\u00a0\u00bb1\/2&Prime;]<div class=\"boc_spacing \" style=\"height: 20px\"><\/div><h2 class=\"boc_heading  al_left  \"  style=\"margin-bottom: 20px;margin-top: 0px;color: #333;\"><span>CONTR\u00d4LES ET CERTIFICATS<\/span><\/h2>[vc_column_text]Le processus de blanchissage est contr\u00f4l\u00e9 et certifi\u00e9 par une entreprise externe (actuellement Ecolab).<\/p>\n<p>Les produits que nous utilisons de la marque Ecolab accomplissent toutes les normes environnementales et de biod\u00e9gradation conform\u00e9ment \u00e0 la l\u00e9gislation en vigueur et nos techniciens et ceux d\u2019Ecolab analysent constamment les principales valeurs afin de garantir un bon blanchissage et un bon rin\u00e7age :[\/vc_column_text]<div class=\"boc_list_item  \" >\n\t\t\t\t\t<span class=\"li_icon normal \" style=\"\"><i class=\"icon icon-check2\" style=\"color: #333333;\"><\/i><\/span>\n\t\t\t\t\t<div class=\"boc_list_item_text normal\">Ph<\/div>\n\t\t\t\t   <\/div><div class=\"boc_list_item  \" >\n\t\t\t\t\t<span class=\"li_icon normal \" style=\"\"><i class=\"icon icon-check2\" style=\"color: #333333;\"><\/i><\/span>\n\t\t\t\t\t<div class=\"boc_list_item_text normal\">Alcalinit\u00e9<\/p>\n<p><\/div>\n\t\t\t\t   <\/div><div class=\"boc_list_item  \" >\n\t\t\t\t\t<span class=\"li_icon normal \" style=\"\"><i class=\"icon icon-check2\" style=\"color: #333333;\"><\/i><\/span>\n\t\t\t\t\t<div class=\"boc_list_item_text normal\">Fer<\/p>\n<p><\/div>\n\t\t\t\t   <\/div><div class=\"boc_list_item  \" >\n\t\t\t\t\t<span class=\"li_icon normal \" style=\"\"><i class=\"icon icon-check2\" style=\"color: #333333;\"><\/i><\/span>\n\t\t\t\t\t<div class=\"boc_list_item_text normal\">Oxydants<\/p>\n<p><\/div>\n\t\t\t\t   <\/div><div class=\"boc_list_item  \" >\n\t\t\t\t\t<span class=\"li_icon normal \" style=\"\"><i class=\"icon icon-check2\" style=\"color: #333333;\"><\/i><\/span>\n\t\t\t\t\t<div class=\"boc_list_item_text normal\">Incrustations<\/p>\n<p><\/div>\n\t\t\t\t   <\/div><div class=\"boc_list_item  \" >\n\t\t\t\t\t<span class=\"li_icon normal \" style=\"\"><i class=\"icon icon-check2\" style=\"color: #333333;\"><\/i><\/span>\n\t\t\t\t\t<div class=\"boc_list_item_text normal\">Dommage chimique<\/p>\n<p><\/div>\n\t\t\t\t   <\/div><div class=\"boc_list_item  \" >\n\t\t\t\t\t<span class=\"li_icon normal \" style=\"\"><i class=\"icon icon-check2\" style=\"color: #333333;\"><\/i><\/span>\n\t\t\t\t\t<div class=\"boc_list_item_text normal\">R\u00e9sistance m\u00e9canique du linge \u00e0 la d\u00e9chirure apr\u00e8s de 20, 40, 60 et 80 blanchissages<\/p>\n<p><\/div>\n\t\t\t\t   <\/div><div class=\"boc_list_item  \" >\n\t\t\t\t\t<span class=\"li_icon normal \" style=\"\"><i class=\"icon icon-check2\" style=\"color: #333333;\"><\/i><\/span>\n\t\t\t\t\t<div class=\"boc_list_item_text normal\">Duret\u00e9 de l\u2019eau<\/div>\n\t\t\t\t   <\/div><div class=\"boc_spacing \" style=\"height: 30px\"><\/div>[\/vc_column_inner][vc_column_inner width=\u00a0\u00bb1\/2&Prime;]<div class=\"boc_spacing \" style=\"height: 20px\"><\/div>[vc_single_image alignment=\u00a0\u00bbcenter\u00a0\u00bb image=\u00a0\u00bb25649&Prime;]<div class=\"boc_spacing \" style=\"height: 30px\"><\/div>[\/vc_column_inner][\/vc_row_inner][\/vc_column][\/vc_row][vc_row full_width=\u00a0\u00bbstretch_row\u00a0\u00bb bg_type=\u00a0\u00bbbg_color\u00a0\u00bb enable_overlay=\u00a0\u00bboff\u00a0\u00bb el_class=\u00a0\u00bbwhite_text\u00a0\u00bb css=\u00a0\u00bb.vc_custom_1573808681791{margin-bottom: 0px !important;padding-top: 24px !important;padding-bottom: 20px !important;}\u00a0\u00bb bg_color_value=\u00a0\u00bb#00adef\u00a0\u00bb][vc_column]<div class=\"text_box calltoactionblau box_no_bgr \"><div class=\"text_box_content with_button\"><h2>Souhaitez-vous d\u00e9couvrir comment nous pouvons vous aider?<\/h2>\n\t\t\t\t\t<p><\/p>\n\t\t\t\t<\/div><div class=\"btn_holder\"><a\thref=\"\/fr\/contact\/\" \n\t\t\t\t\tclass=\"button  btn_medium_stretched btn_white btn_circled btn_outline icon_pos_after \"  target='_self'><span>CONTACTEZ-NOUS<\/span> <i class='icon icon icon-angle-right2'><\/i> <\/a><\/div><\/div>[\/vc_column][\/vc_row]<\/p>\n","protected":false},"excerpt":{"rendered":"<p>[vc_row full_width=\u00a0\u00bbstretch_row_content_no_spaces\u00a0\u00bb css=\u00a0\u00bb.vc_custom_1574844549783{margin-bottom: 0px !important;background-color: #fbfbfb !important;}\u00a0\u00bb][vc_column][\/vc_column][\/vc_row][vc_row full_width=\u00a0\u00bbstretch_row_content_no_spaces\u00a0\u00bb css=\u00a0\u00bb.vc_custom_1574181072972{margin-bottom: 0px !important;}\u00a0\u00bb][vc_column][rev_slider_vc alias=\u00a0\u00bbgarantia\u00a0\u00bb el_class=\u00a0\u00bbslidersensemarge\u00a0\u00bb][\/vc_column][\/vc_row][vc_row full_width=\u00a0\u00bbstretch_row_content_no_spaces\u00a0\u00bb equal_height=\u00a0\u00bbyes\u00a0\u00bb css=\u00a0\u00bb.vc_custom_1573661300662{margin-top: 0px !important;margin-right: 0px !important;margin-bottom: 0px !important;margin-left: 0px !important;}\u00a0\u00bb][vc_column width=\u00a0\u00bb2\/3&Prime; el_class=\u00a0\u00bbequal_height_column white_color\u00a0\u00bb][vc_row_inner][vc_column_inner css=\u00a0\u00bb.vc_custom_1573657420895{padding-top: 11% !important;padding-right: 18% !important;padding-bottom: 11% !important;padding-left: 18% !important;}\u00a0\u00bb][vc_column_text]Notre niveau d\u2019exigence rigoureux nous permet de proposer des services de blanchissage et location de linge aux clients les plus renomm\u00e9s du secteur h\u00f4telier. Lavanderia<\/p>\n<div class=\"h10\"><\/div>\n<p><a class=\"more-link2 flat\" href=\"https:\/\/lavanderialapajarita.com\/fr\/garantie\/\">Read more<\/a><\/p>\n","protected":false},"author":1,"featured_media":0,"parent":0,"menu_order":32,"comment_status":"open","ping_status":"closed","template":"","meta":[],"_links":{"self":[{"href":"https:\/\/lavanderialapajarita.com\/fr\/wp-json\/wp\/v2\/pages\/25255"}],"collection":[{"href":"https:\/\/lavanderialapajarita.com\/fr\/wp-json\/wp\/v2\/pages"}],"about":[{"href":"https:\/\/lavanderialapajarita.com\/fr\/wp-json\/wp\/v2\/types\/page"}],"author":[{"embeddable":true,"href":"https:\/\/lavanderialapajarita.com\/fr\/wp-json\/wp\/v2\/users\/1"}],"replies":[{"embeddable":true,"href":"https:\/\/lavanderialapajarita.com\/fr\/wp-json\/wp\/v2\/comments?post=25255"}],"version-history":[{"count":8,"href":"https:\/\/lavanderialapajarita.com\/fr\/wp-json\/wp\/v2\/pages\/25255\/revisions"}],"predecessor-version":[{"id":25655,"href":"https:\/\/lavanderialapajarita.com\/fr\/wp-json\/wp\/v2\/pages\/25255\/revisions\/25655"}],"wp:attachment":[{"href":"https:\/\/lavanderialapajarita.com\/fr\/wp-json\/wp\/v2\/media?parent=25255"}],"curies":[{"name":"wp","href":"https:\/\/api.w.org\/{rel}","templated":true}]}}