{"id":25247,"date":"2020-01-07T14:50:06","date_gmt":"2020-01-07T12:50:06","guid":{"rendered":"http:\/\/lavanderialapajarita.com\/lloguer-2\/"},"modified":"2020-01-20T10:17:49","modified_gmt":"2020-01-20T08:17:49","slug":"teinturerie","status":"publish","type":"page","link":"https:\/\/lavanderialapajarita.com\/fr\/teinturerie\/","title":{"rendered":"Teinturerie"},"content":{"rendered":"<p>[vc_row full_width=\u00a0\u00bbstretch_row_content_no_spaces\u00a0\u00bb css=\u00a0\u00bb.vc_custom_1574844220914{margin-bottom: 0px !important;background-color: #fbfbfb !important;}\u00a0\u00bb][vc_column]<h1 class=\"boc_heading  center  \"  style=\"margin-bottom: 50px;margin-top: 50px;color: #00adef;font-size: 50px;\"><span>ATTENTIFS AUX D\u00c9TAILS<\/span><\/h1>[\/vc_column][\/vc_row][vc_row equal_height=\u00a0\u00bbyes\u00a0\u00bb css=\u00a0\u00bb.vc_custom_1574071631455{margin-top: 0px !important;margin-right: 0px !important;margin-bottom: 0px !important;margin-left: 0px !important;padding-top: 60px !important;padding-bottom: 60px !important;}\u00a0\u00bb][vc_column width=\u00a0\u00bb2\/3&Prime; el_class=\u00a0\u00bbequal_height_column white_color\u00a0\u00bb]<h2 class=\"boc_heading  al_left  \"  style=\"margin-bottom: 20px;margin-top: 0px;color: #333333;font-size: 30px;\"><span>SERVICE DE TEINTURERIE<\/span><\/h2>[vc_column_text]<\/p>\n<div class=\"page\" title=\"Page 14\">\n<div class=\"section\">\n<div class=\"layoutArea\">\n<div class=\"column\">\n<p>Nous travaillons constamment pour am\u00e9liorer le confort de nos clients. Pour cela, nous vous offrons \u00e9galement un service de teinturerie, qui inclut un service de blanchisserie, repassage et couture, aussi bien pour les v\u00eatements de vos clients que pour les uniformes du personnel.<\/p>\n<p>Nous utilisons le syst\u00e8me de blanchissage Wet Cleaning, l\u2019alternative \u00e9cologique au nettoyage \u00e0 sec qui \u00e9vite d\u2019utiliser des dissolvants chimiques pour traiter au mieux vos v\u00eatements. Ce mode permet de r\u00e9aliser un \u00a0nettoyage tr\u00e8s \u00e9nergique, et m\u00eame, des nettoyages ad\u00e9quats pour le cuir et la laine.<\/p>\n<\/div>\n<\/div>\n<\/div>\n<\/div>\n<p>[\/vc_column_text]<div class=\"boc_spacing \" style=\"height: 20px\"><\/div>[\/vc_column][vc_column width=\u00a0\u00bb1\/3&Prime; el_class=\u00a0\u00bbequal_height_column\u00a0\u00bb css=\u00a0\u00bb.vc_custom_1574785922604{background-position: center !important;background-repeat: no-repeat !important;background-size: cover !important;}\u00a0\u00bb]<h2 class=\"boc_heading  al_left  \"  style=\"margin-bottom: 20px;margin-top: 0px;color: #333333;font-size: 30px;\"><span>SERVICES<\/span><\/h2><div class=\"boc_list_item  \" >\n\t\t\t\t\t<span class=\"li_icon normal \" style=\"\"><i class=\"icon icon-check2\" style=\"color: #00adef;\"><\/i><\/span>\n\t\t\t\t\t<div class=\"boc_list_item_text normal\">Service r\u00e9gulier avec livraison 24\/24 heures.<\/div>\n\t\t\t\t   <\/div><div class=\"boc_list_item  \" >\n\t\t\t\t\t<span class=\"li_icon normal \" style=\"\"><i class=\"icon icon-check2\" style=\"color: #00adef;\"><\/i><\/span>\n\t\t\t\t\t<div class=\"boc_list_item_text normal\">Service avec livraison express de 6 heures.<\/div>\n\t\t\t\t   <\/div><div class=\"boc_spacing \" style=\"height: 20px\"><\/div><a\thref=\"\/contacte\" \n\t\t\t\tclass=\"button btn_medium btn_dark btn_circled btn_outline icon_pos_after   \"  target='_self'><span>CONTACTEZ-NOUS<\/span> <i class='icon icon-angle-right'><\/i> <\/a><div class=\"boc_spacing \" style=\"height: 40px\"><\/div>[vc_single_image image=\u00a0\u00bb25226&Prime;][\/vc_column][\/vc_row][vc_row full_width=\u00a0\u00bbstretch_row\u00a0\u00bb bg_type=\u00a0\u00bbbg_color\u00a0\u00bb enable_overlay=\u00a0\u00bboff\u00a0\u00bb el_class=\u00a0\u00bbwhite_text\u00a0\u00bb css=\u00a0\u00bb.vc_custom_1573808681791{margin-bottom: 0px !important;padding-top: 24px !important;padding-bottom: 20px !important;}\u00a0\u00bb bg_color_value=\u00a0\u00bb#00adef\u00a0\u00bb][vc_column]<div class=\"text_box calltoactionblau box_no_bgr \"><div class=\"text_box_content with_button\"><h2>Vols saber m\u00e9s sobre la qualitat dels nostres productes i serveis?<\/h2>\n\t\t\t\t\t<p><\/p>\n\t\t\t\t<\/div><div class=\"btn_holder\"><a\thref=\"\/contacte\" \n\t\t\t\t\tclass=\"button  btn_medium_stretched btn_white btn_circled btn_outline icon_pos_after \"  target='_self'><span>CONTACTA'NS<\/span> <i class='icon icon icon-angle-right2'><\/i> <\/a><\/div><\/div>[\/vc_column][\/vc_row]<\/p>\n","protected":false},"excerpt":{"rendered":"<p>[vc_row full_width=\u00a0\u00bbstretch_row_content_no_spaces\u00a0\u00bb css=\u00a0\u00bb.vc_custom_1574844220914{margin-bottom: 0px !important;background-color: #fbfbfb !important;}\u00a0\u00bb][vc_column][\/vc_column][\/vc_row][vc_row equal_height=\u00a0\u00bbyes\u00a0\u00bb css=\u00a0\u00bb.vc_custom_1574071631455{margin-top: 0px !important;margin-right: 0px !important;margin-bottom: 0px !important;margin-left: 0px !important;padding-top: 60px !important;padding-bottom: 60px !important;}\u00a0\u00bb][vc_column width=\u00a0\u00bb2\/3&Prime; el_class=\u00a0\u00bbequal_height_column white_color\u00a0\u00bb][vc_column_text] Nous travaillons constamment pour am\u00e9liorer le confort de nos clients. Pour cela, nous vous offrons \u00e9galement un service de teinturerie, qui inclut un service de blanchisserie, repassage et couture, aussi bien pour les v\u00eatements de vos<\/p>\n<div class=\"h10\"><\/div>\n<p><a class=\"more-link2 flat\" href=\"https:\/\/lavanderialapajarita.com\/fr\/teinturerie\/\">Read more<\/a><\/p>\n","protected":false},"author":1,"featured_media":0,"parent":0,"menu_order":14,"comment_status":"open","ping_status":"closed","template":"","meta":[],"_links":{"self":[{"href":"https:\/\/lavanderialapajarita.com\/fr\/wp-json\/wp\/v2\/pages\/25247"}],"collection":[{"href":"https:\/\/lavanderialapajarita.com\/fr\/wp-json\/wp\/v2\/pages"}],"about":[{"href":"https:\/\/lavanderialapajarita.com\/fr\/wp-json\/wp\/v2\/types\/page"}],"author":[{"embeddable":true,"href":"https:\/\/lavanderialapajarita.com\/fr\/wp-json\/wp\/v2\/users\/1"}],"replies":[{"embeddable":true,"href":"https:\/\/lavanderialapajarita.com\/fr\/wp-json\/wp\/v2\/comments?post=25247"}],"version-history":[{"count":4,"href":"https:\/\/lavanderialapajarita.com\/fr\/wp-json\/wp\/v2\/pages\/25247\/revisions"}],"predecessor-version":[{"id":25487,"href":"https:\/\/lavanderialapajarita.com\/fr\/wp-json\/wp\/v2\/pages\/25247\/revisions\/25487"}],"wp:attachment":[{"href":"https:\/\/lavanderialapajarita.com\/fr\/wp-json\/wp\/v2\/media?parent=25247"}],"curies":[{"name":"wp","href":"https:\/\/api.w.org\/{rel}","templated":true}]}}