{"id":25236,"date":"2015-04-06T13:23:51","date_gmt":"2015-04-06T11:23:51","guid":{"rendered":"http:\/\/lavanderialapajarita.com\/inici\/"},"modified":"2023-06-15T15:45:27","modified_gmt":"2023-06-15T13:45:27","slug":"inici","status":"publish","type":"page","link":"https:\/\/lavanderialapajarita.com\/fr\/","title":{"rendered":"Inici"},"content":{"rendered":"<p>[vc_row css=\u00a0\u00bb.vc_custom_1426945540063{margin-bottom: 0px !important;}\u00a0\u00bb][vc_column][rev_slider_vc alias=\u00a0\u00bbhome_slider\u00a0\u00bb][\/vc_column][\/vc_row][vc_row full_width=\u00a0\u00bbstretch_row_content_no_spaces\u00a0\u00bb equal_height=\u00a0\u00bbyes\u00a0\u00bb css=\u00a0\u00bb.vc_custom_1573661300662{margin-top: 0px !important;margin-right: 0px !important;margin-bottom: 0px !important;margin-left: 0px !important;}\u00a0\u00bb][vc_column width=\u00a0\u00bb1\/2&Prime; el_class=\u00a0\u00bbequal_height_column white_color\u00a0\u00bb][vc_row_inner][vc_column_inner css=\u00a0\u00bb.vc_custom_1573657420895{padding-top: 11% !important;padding-right: 18% !important;padding-bottom: 11% !important;padding-left: 18% !important;}\u00a0\u00bb]<div class=\"boc_spacing \" style=\"height: 10px\"><\/div><div class=\"side_icon_box large titoliconahome boc_animate_when_almost_visible\"><span class=\"icon_feat \" style=\"\"><i class=\"icon icon-science\" style=\"color: #00adef;\"><\/i><\/span><h3>SP\u00c9CIALISATION EN QUALIT\u00c9<\/h3><div class=\"side_icon_box_content\">Services de blanchisserie et location de linge pour le secteur h\u00f4telier de haut niveau avec des machines de premi\u00e8re cat\u00e9gorie et une s\u00e9lection rigoureuse de fournisseurs textiles.<\/p>\n<p>En savoir davantage<\/div><\/div><div class=\"boc_spacing \" style=\"height: 10px\"><\/div><div class=\"side_icon_box large titoliconahome boc_animate_when_almost_visible\"><span class=\"icon_feat \" style=\"\"><i class=\"icon icon-map-marker\" style=\"color: #00adef;\"><\/i><\/span><h3>SERVICE DE PROXIMIT\u00c9<\/h3><div class=\"side_icon_box_content\">Nous sommes une entreprise locale, ce qui nous permet de garantir une attention personnalis\u00e9e, une plus grande proximit\u00e9 et disponibilit\u00e9 dans notre service.<\/p>\n<p>En savoir davantage<\/div><\/div><div class=\"boc_spacing \" style=\"height: 10px\"><\/div><div class=\"side_icon_box large titoliconahome boc_animate_when_almost_visible\"><span class=\"icon_feat \" style=\"\"><i class=\"icon icon-star\" style=\"color: #00adef;\"><\/i><\/span><h3>LA CONFIANCE DES MEILLEURS<\/h3><div class=\"side_icon_box_content\">Notre haut niveau d\u2019exigence en mati\u00e8re de qualit\u00e9 nous permet de proposer des services de blanchisserie et location de linge pour les clients les plus r\u00e9put\u00e9s du secteur h\u00f4telier.<\/p>\n<p>En savoir davantage<\/div><\/div>[\/vc_column_inner][\/vc_row_inner][\/vc_column][vc_column width=\u00a0\u00bb1\/2&Prime; el_class=\u00a0\u00bbequal_height_column\u00a0\u00bb css=\u00a0\u00bb.vc_custom_1573646342286{background-image: url(http:\/\/bugaderiaemporda.efimatica.com\/wp-content\/uploads\/2019\/11\/bugaderia-img-home-02.jpg?id=23808) !important;background-position: center !important;background-repeat: no-repeat !important;background-size: cover !important;}\u00a0\u00bb offset=\u00a0\u00bbvc_hidden-md vc_hidden-sm vc_hidden-xs\u00a0\u00bb][\/vc_column][\/vc_row][vc_row full_width=\u00a0\u00bbstretch_row\u00a0\u00bb equal_height=\u00a0\u00bbyes\u00a0\u00bb bg_type=\u00a0\u00bbimage\u00a0\u00bb parallax_style=\u00a0\u00bbvcpb-vz-jquery\u00a0\u00bb bg_image_new=\u00a0\u00bb23819&Prime; bg_image_repeat=\u00a0\u00bbno-repeat\u00a0\u00bb parallax_sense=\u00a0\u00bb40&Prime; disable_on_mobile_img_parallax=\u00a0\u00bboff\u00a0\u00bb el_class=\u00a0\u00bbno_text_transform\u00a0\u00bb css=\u00a0\u00bb.vc_custom_1574267466351{margin-bottom: 0px !important;padding-top: 80px !important;padding-bottom: 60px !important;}\u00a0\u00bb][vc_column][vc_row_inner equal_height=\u00a0\u00bbyes\u00a0\u00bb gap=\u00a0\u00bb30&Prime; css=\u00a0\u00bb.vc_custom_1574326296351{margin-top: 0px !important;margin-right: 0px !important;margin-bottom: 0px !important;margin-left: 0px !important;}\u00a0\u00bb][vc_column_inner width=\u00a0\u00bb1\/3&Prime; css=\u00a0\u00bb.vc_custom_1574326241527{padding-top: 32px !important;padding-right: 32px !important;padding-bottom: 32px !important;padding-left: 32px !important;background-color: rgba(255,255,255,0.7) !important;*background-color: rgb(255,255,255) !important;}\u00a0\u00bb]<h3 class=\"boc_heading titolnegreta al_left  \"  style=\"margin-bottom: 20px;margin-top: 0px;color: #333333;font-size: 22px;\"><span>PLUS DE 30 ANS DANS LE SECTEUR<\/span><\/h3><div class=\"boc_divider_holder\"><div class=\"boc_divider  \"  style=\"margin-top: 0px;margin-bottom: 20px;height: 1px;background: #333333;\"><\/div><\/div>[vc_column_text]Sp\u00e9cialis\u00e9s dans le service \u00e0 chaque client avec les exigences les plus rigoureuses en mati\u00e8re de qualit\u00e9.<\/p>\n<div class=\"boc_spacing \" style=\"height: 10px\"><\/div>\n<p><a class=\"more-link2\" href=\"https:\/\/lavanderialapajarita.com\/fr\/la-compagnie\/\">En savoir davantage<\/a>[\/vc_column_text][\/vc_column_inner][vc_column_inner width=\u00a0\u00bb1\/3&Prime; css=\u00a0\u00bb.vc_custom_1574326252103{padding-top: 32px !important;padding-right: 32px !important;padding-bottom: 32px !important;padding-left: 32px !important;background-color: rgba(255,255,255,0.7) !important;*background-color: rgb(255,255,255) !important;}\u00a0\u00bb]<h3 class=\"boc_heading titolnegreta al_left  \"  style=\"margin-bottom: 20px;margin-top: 0px;color: #333333;font-size: 22px;\"><span>CONTR\u00d4LES ET CERTIFICATIONS<\/span><\/h3><div class=\"boc_divider_holder\"><div class=\"boc_divider  \"  style=\"margin-top: 0px;margin-bottom: 20px;height: 1px;background: #333333;\"><\/div><\/div>[vc_column_text]Nos processus sont certifi\u00e9s par un laboratoire externe.<\/p>\n<div class=\"boc_spacing \" style=\"height: 10px\"><\/div>\n<p><a class=\"more-link2\" href=\"https:\/\/lavanderialapajarita.com\/fr\/garantie\/\">En savoir davantage<\/a>[\/vc_column_text][\/vc_column_inner][vc_column_inner width=\u00a0\u00bb1\/3&Prime; css=\u00a0\u00bb.vc_custom_1574326260655{padding-top: 32px !important;padding-right: 32px !important;padding-bottom: 32px !important;padding-left: 32px !important;background-color: rgba(255,255,255,0.7) !important;*background-color: rgb(255,255,255) !important;}\u00a0\u00bb]<h3 class=\"boc_heading titolnegreta al_left  \"  style=\"margin-bottom: 20px;margin-top: 0px;color: #333333;font-size: 22px;\"><span>SERVICE DE TRANSPORT<\/span><\/h3><div class=\"boc_divider_holder\"><div class=\"boc_divider  \"  style=\"margin-top: 0px;margin-bottom: 20px;height: 1px;background: #333333;\"><\/div><\/div>[vc_column_text]Adapt\u00e9 aux besoins de l\u2019h\u00f4tel et de la blanchisserie.<\/p>\n<div class=\"boc_spacing \" style=\"height: 10px\"><\/div>\n<p><a class=\"more-link2\" href=\"https:\/\/lavanderialapajarita.com\/fr\/garantie\/\">En savoir davantage<\/a>[\/vc_column_text][\/vc_column_inner][\/vc_row_inner][\/vc_column][\/vc_row][vc_row full_width=\u00a0\u00bbstretch_row\u00a0\u00bb bg_type=\u00a0\u00bbbg_color\u00a0\u00bb enable_overlay=\u00a0\u00bboff\u00a0\u00bb el_class=\u00a0\u00bbwhite_text\u00a0\u00bb css=\u00a0\u00bb.vc_custom_1573808681791{margin-bottom: 0px !important;padding-top: 24px !important;padding-bottom: 20px !important;}\u00a0\u00bb bg_color_value=\u00a0\u00bb#00adef\u00a0\u00bb][vc_column]<div class=\"text_box calltoactionblau box_no_bgr \"><div class=\"text_box_content with_button\"><h2>Nous sommes des professionnels du blanchissage et de la location de linge pour les h\u00f4tels. Souhaitez-vous mieux nous conna\u00eetre ?<\/h2>\n\t\t\t\t\t<p><\/p>\n\t\t\t\t<\/div><div class=\"btn_holder\"><a\thref=\"\/fr\/contact\" \n\t\t\t\t\tclass=\"button  btn_medium_stretched btn_white btn_circled btn_outline icon_pos_after \"  target='_self'><span>CONTACTEZ-NOUS<\/span> <i class='icon icon icon-angle-right2'><\/i> <\/a><\/div><\/div>[\/vc_column][\/vc_row][vc_row css=\u00a0\u00bb.vc_custom_1573815095343{padding-top: 80px !important;padding-bottom: 50px !important;}\u00a0\u00bb][vc_column]<h2 class=\"boc_heading  center  \"  style=\"margin-bottom: 30px;margin-top: 0px;color: #333333;\"><span>ILS NOUS FONT CONFIANCE<\/span><\/h2><div class=\"img_carousel_holder  owl_side_arrows\">\t<div class=\"img_carousel mfp_gallery\" id=\"img_carousel_39\" style=\"opacity:0;\"><div class=\"img_carousel_item boc_owl_lazy\">\t<div class=\"pic  img_hover_effect2\">\n\t\t\t\t\t\t\t\t<a href=\"https:\/\/www.hotelsantfrancesc.com\" class=\" tooltipsy\" original-title=\"Sant Francesc Hotel Singular\" target=\"_blank\">\n\t\t\t\t\t\t\t\t\t<img src=\"https:\/\/lavanderialapajarita.com\/wp-content\/uploads\/2020\/01\/be_logo_003_sant_francesc.jpg\" alt=\"\" \/>\n\t\t\t\t\t\t\t\t<\/a>\n\t\t\t\t\t\t\t<\/div>\n\t\t\t\t\t\t<\/div><div class=\"img_carousel_item boc_owl_lazy\">\t<div class=\"pic  img_hover_effect2\">\n\t\t\t\t\t\t\t\t<a href=\"https:\/\/www.puresaltluxuryhotels.com\" class=\" tooltipsy\" original-title=\"Pure Salt Luxury Hotels\" target=\"_blank\">\n\t\t\t\t\t\t\t\t\t<img src=\"https:\/\/lavanderialapajarita.com\/wp-content\/uploads\/2020\/01\/be_logo_004_pure_salt.jpg\" alt=\"\" \/>\n\t\t\t\t\t\t\t\t<\/a>\n\t\t\t\t\t\t\t<\/div>\n\t\t\t\t\t\t<\/div><div class=\"img_carousel_item boc_owl_lazy\">\t<div class=\"pic  img_hover_effect2\">\n\t\t\t\t\t\t\t\t<a href=\"https:\/\/www.posadaterrasanta.com\" class=\" tooltipsy\" original-title=\"Posada Terra Santa\" target=\"_blank\">\n\t\t\t\t\t\t\t\t\t<img src=\"https:\/\/lavanderialapajarita.com\/wp-content\/uploads\/2020\/01\/be_logo_005_posada.jpg\" alt=\"\" \/>\n\t\t\t\t\t\t\t\t<\/a>\n\t\t\t\t\t\t\t<\/div>\n\t\t\t\t\t\t<\/div><div class=\"img_carousel_item boc_owl_lazy\">\t<div class=\"pic  img_hover_effect2\">\n\t\t\t\t\t\t\t\t<a href=\"https:\/\/www.itmallorcauniquespaces.com\/es\/\" class=\" tooltipsy\" original-title=\"IT MALLORCA\" target=\"_blank\">\n\t\t\t\t\t\t\t\t\t<img src=\"https:\/\/lavanderialapajarita.com\/wp-content\/uploads\/2023\/06\/be_logo_006_it_mallorca-02.jpg\" alt=\"\" \/>\n\t\t\t\t\t\t\t\t<\/a>\n\t\t\t\t\t\t\t<\/div>\n\t\t\t\t\t\t<\/div><div class=\"img_carousel_item boc_owl_lazy\">\t<div class=\"pic  img_hover_effect2\">\n\t\t\t\t\t\t\t\t<a href=\"https:\/\/www.esprincep.com\/es\" class=\" tooltipsy\" original-title=\"Es Pr\u00edncep Hotel\" target=\"_blank\">\n\t\t\t\t\t\t\t\t\t<img src=\"https:\/\/lavanderialapajarita.com\/wp-content\/uploads\/2020\/01\/be_logo_007_es_princep.jpg\" alt=\"\" \/>\n\t\t\t\t\t\t\t\t<\/a>\n\t\t\t\t\t\t\t<\/div>\n\t\t\t\t\t\t<\/div><div class=\"img_carousel_item boc_owl_lazy\">\t<div class=\"pic  img_hover_effect2\">\n\t\t\t\t\t\t\t\t<a href=\"https:\/\/www.jumeirah.com\/Stay\/Mallorca\/Jumeirah-Port-Soller-Hotel-and-Spa\" class=\" tooltipsy\" original-title=\"Jumeirah\" target=\"_blank\">\n\t\t\t\t\t\t\t\t\t<img src=\"https:\/\/lavanderialapajarita.com\/wp-content\/uploads\/2020\/01\/be_logo_008_jumeirah.jpg\" alt=\"\" \/>\n\t\t\t\t\t\t\t\t<\/a>\n\t\t\t\t\t\t\t<\/div>\n\t\t\t\t\t\t<\/div><div class=\"img_carousel_item boc_owl_lazy\">\t<div class=\"pic  img_hover_effect2\">\n\t\t\t\t\t\t\t\t<a href=\"https:\/\/www.hotelalmudaina.com\" class=\" tooltipsy\" original-title=\"Hotel Almudaina\" target=\"_blank\">\n\t\t\t\t\t\t\t\t\t<img src=\"https:\/\/lavanderialapajarita.com\/wp-content\/uploads\/2020\/01\/be_logo_010_almudaina.jpg\" alt=\"\" \/>\n\t\t\t\t\t\t\t\t<\/a>\n\t\t\t\t\t\t\t<\/div>\n\t\t\t\t\t\t<\/div><div class=\"img_carousel_item boc_owl_lazy\">\t<div class=\"pic  img_hover_effect2\">\n\t\t\t\t\t\t\t\t<a href=\"https:\/\/caprocat.com\" class=\" tooltipsy\" original-title=\"Hotel Cap Rocat\" target=\"_blank\">\n\t\t\t\t\t\t\t\t\t<img src=\"https:\/\/lavanderialapajarita.com\/wp-content\/uploads\/2020\/01\/be_logo_002_cap_rocat.jpg\" alt=\"\" \/>\n\t\t\t\t\t\t\t\t<\/a>\n\t\t\t\t\t\t\t<\/div>\n\t\t\t\t\t\t<\/div><div class=\"img_carousel_item boc_owl_lazy\">\t<div class=\"pic  img_hover_effect2\">\n\t\t\t\t\t\t\t\t<a href=\"https:\/\/www.meliahotelsinternational.com\" class=\" tooltipsy\" original-title=\"Meli\u00e0 Hotels Internacional\" target=\"_blank\">\n\t\t\t\t\t\t\t\t\t<img src=\"https:\/\/lavanderialapajarita.com\/wp-content\/uploads\/2020\/01\/be_logo_001_melia.jpg\" alt=\"\" \/>\n\t\t\t\t\t\t\t\t<\/a>\n\t\t\t\t\t\t\t<\/div>\n\t\t\t\t\t\t<\/div><div class=\"img_carousel_item boc_owl_lazy\">\t<div class=\"pic  img_hover_effect2\">\n\t\t\t\t\t\t\t\t<a href=\"https:\/\/www.hotelmama.es\" class=\" tooltipsy\" original-title=\"Hotel Mama\" target=\"_blank\">\n\t\t\t\t\t\t\t\t\t<img src=\"https:\/\/lavanderialapajarita.com\/wp-content\/uploads\/2020\/01\/be_logo_009_mama.jpg\" alt=\"\" \/>\n\t\t\t\t\t\t\t\t<\/a>\n\t\t\t\t\t\t\t<\/div>\n\t\t\t\t\t\t<\/div><\/div>\n\t\t\t\t <\/div>\n\t\t\t\t\t<!-- Image Slider -->\n\t\t\t\t\t<script type=\"text\/javascript\">\n\n\t\t\t\t\t\tjQuery(document).ready(function($) {\n\t\t\t\t\t\t\t\n\t\t\t\t\t\t\tvar carousel = jQuery(\"#img_carousel_39\");\n\t\t\t\t\t\t\t\n\t\t\t\t\t\t\tvar args = {\n\t\t\t\t\t\t\t\t\titems: \t\t\t\t5,\n\t\t\t\t\t\t\t\t\tslideBy: \t\t\t1,\t\t\t\t\t\t\n\t\t\t\t\t\t\t\t\tautoplay:\t\t\ttrue,\n\t\t\t\t\t\t\t\t\tautoplayTimeout:\t4000,\n\t\t\t\t\t\t\t\t\tnav: \t\t\t\ttrue,\n\t\t\t\t\t\t\t\t\tdots: \t\t\t\tfalse,\n\t\t\t\t\t\t\t\t\tloop: \t\t\t\tfalse,\n\t\t\t\t\t\t\t\t\tsmartSpeed:\t\t\t500,\n\t\t\t\t\t\t\t\t\tnavText:\t\t\t[\"<span class='icon  icon-angle-left-circle'><\/span>\",\"<span class='icon icon-angle-right-circle'><\/span>\"],\n\t\t\t\t\t\t\t\t\tnavRewind: \t\t\tfalse,\n\t\t\t\t\t\t\t\t\trtl : \t\t\t\tfalse,\n\t\t\t\t\t\t\t\t\tmargin: \t\t\t25,\n\t\t\t\t\t\t\t\t\tresponsive:{\n\t\t\t\t\t\t\t\t\t\t0:{\n\t\t\t\t\t\t\t\t\t\t  items:1,\n\t\t\t\t\t\t\t\t\t\t},\n\t\t\t\t\t\t\t\t\t\t480:{\n\t\t\t\t\t\t\t\t\t\t  items:1,\n\t\t\t\t\t\t\t\t\t\t  margin:20,\n\t\t\t\t\t\t\t\t\t\t},\n\t\t\t\t\t\t\t\t\t\t769:{\n\t\t\t\t\t\t\t\t\t\t  items:5\n\t\t\t\t\t\t\t\t\t\t}\n\t\t\t\t\t\t\t\t\t},\n\t\t\t\t\t\t\t\t\tonInitialized: showCarousel_39\n\t\t\t\t\t\t\t};\n\t\t\t\t\t\t\t\n\t\t\t\t\t\t\tcarousel.owlCarousel(args);\n\n\t\t\t\t\t\t\tvar initital_width = carousel.css(\"width\");\t\t\n\t\t\t\t\t\t\t\t\n\t\t\t\t\t\t\t\/* Refresh it for full width rows *\/\n\t\t\t\t\t\t\t$(window).load(function(){\n\t\t\t\t\t\t\t\tif(carousel.css(\"width\") != initital_width) {\n\t\t\t\t\t\t\t\t\tcarousel.trigger(\"destroy.owl.carousel\").removeClass(\"owl-carousel owl-loaded\");\n\t\t\t\t\t\t\t\t\tcarousel.find(\".owl-stage-outer\").children().unwrap();\n\t\t\t\t\t\t\t\t\tcarousel.owlCarousel(args);\n\t\t\t\t\t\t\t\t}\n\t\t\t\t\t\t\t});\n\t\t\t\t\t\t\t\n\t\t\t\t\t\t\t\/* Show once loaded *\/\n\t\t\t\t\t\t\tfunction showCarousel_39() {\n\t\t\t\t\t\t\t\tcarousel.fadeTo(0,1);\n\t\t\t\t\t\t\t\t$(\"#img_carousel_39 .owl-item .boc_owl_lazy\").css(\"opacity\",\"1\");\n\t\t\t\t\t\t\t}\n\t\t\t\t\t\t});\n\t\t\t\t\t\t\n\t\t\t\t\t<\/script>\n\t\t\t\t\t<!-- Image Slider :: END -->[\/vc_column][\/vc_row]<\/p>\n","protected":false},"excerpt":{"rendered":"<p>[vc_row css=\u00a0\u00bb.vc_custom_1426945540063{margin-bottom: 0px !important;}\u00a0\u00bb][vc_column][rev_slider_vc alias=\u00a0\u00bbhome_slider\u00a0\u00bb][\/vc_column][\/vc_row][vc_row full_width=\u00a0\u00bbstretch_row_content_no_spaces\u00a0\u00bb equal_height=\u00a0\u00bbyes\u00a0\u00bb css=\u00a0\u00bb.vc_custom_1573661300662{margin-top: 0px !important;margin-right: 0px !important;margin-bottom: 0px !important;margin-left: 0px !important;}\u00a0\u00bb][vc_column width=\u00a0\u00bb1\/2&Prime; el_class=\u00a0\u00bbequal_height_column white_color\u00a0\u00bb][vc_row_inner][vc_column_inner css=\u00a0\u00bb.vc_custom_1573657420895{padding-top: 11% !important;padding-right: 18% !important;padding-bottom: 11% !important;padding-left: 18% !important;}\u00a0\u00bb][\/vc_column_inner][\/vc_row_inner][\/vc_column][vc_column width=\u00a0\u00bb1\/2&Prime; el_class=\u00a0\u00bbequal_height_column\u00a0\u00bb css=\u00a0\u00bb.vc_custom_1573646342286{background-image: url(http:\/\/bugaderiaemporda.efimatica.com\/wp-content\/uploads\/2019\/11\/bugaderia-img-home-02.jpg?id=23808) !important;background-position: center !important;background-repeat: no-repeat !important;background-size: cover !important;}\u00a0\u00bb offset=\u00a0\u00bbvc_hidden-md vc_hidden-sm vc_hidden-xs\u00a0\u00bb][\/vc_column][\/vc_row][vc_row full_width=\u00a0\u00bbstretch_row\u00a0\u00bb equal_height=\u00a0\u00bbyes\u00a0\u00bb bg_type=\u00a0\u00bbimage\u00a0\u00bb parallax_style=\u00a0\u00bbvcpb-vz-jquery\u00a0\u00bb bg_image_new=\u00a0\u00bb23819&Prime; bg_image_repeat=\u00a0\u00bbno-repeat\u00a0\u00bb parallax_sense=\u00a0\u00bb40&Prime; disable_on_mobile_img_parallax=\u00a0\u00bboff\u00a0\u00bb el_class=\u00a0\u00bbno_text_transform\u00a0\u00bb css=\u00a0\u00bb.vc_custom_1574267466351{margin-bottom: 0px !important;padding-top: 80px !important;padding-bottom: 60px !important;}\u00a0\u00bb][vc_column][vc_row_inner equal_height=\u00a0\u00bbyes\u00a0\u00bb gap=\u00a0\u00bb30&Prime;<\/p>\n<div class=\"h10\"><\/div>\n<p><a class=\"more-link2 flat\" href=\"https:\/\/lavanderialapajarita.com\/fr\/\">Read more<\/a><\/p>\n","protected":false},"author":1,"featured_media":0,"parent":0,"menu_order":2,"comment_status":"open","ping_status":"closed","template":"","meta":[],"_links":{"self":[{"href":"https:\/\/lavanderialapajarita.com\/fr\/wp-json\/wp\/v2\/pages\/25236"}],"collection":[{"href":"https:\/\/lavanderialapajarita.com\/fr\/wp-json\/wp\/v2\/pages"}],"about":[{"href":"https:\/\/lavanderialapajarita.com\/fr\/wp-json\/wp\/v2\/types\/page"}],"author":[{"embeddable":true,"href":"https:\/\/lavanderialapajarita.com\/fr\/wp-json\/wp\/v2\/users\/1"}],"replies":[{"embeddable":true,"href":"https:\/\/lavanderialapajarita.com\/fr\/wp-json\/wp\/v2\/comments?post=25236"}],"version-history":[{"count":6,"href":"https:\/\/lavanderialapajarita.com\/fr\/wp-json\/wp\/v2\/pages\/25236\/revisions"}],"predecessor-version":[{"id":25643,"href":"https:\/\/lavanderialapajarita.com\/fr\/wp-json\/wp\/v2\/pages\/25236\/revisions\/25643"}],"wp:attachment":[{"href":"https:\/\/lavanderialapajarita.com\/fr\/wp-json\/wp\/v2\/media?parent=25236"}],"curies":[{"name":"wp","href":"https:\/\/api.w.org\/{rel}","templated":true}]}}