{"id":23979,"date":"2019-11-19T18:25:38","date_gmt":"2019-11-19T16:25:38","guid":{"rendered":"http:\/\/bugaderiaemporda.efimatica.com\/?page_id=23979"},"modified":"2024-06-07T10:14:32","modified_gmt":"2024-06-07T08:14:32","slug":"garantia","status":"publish","type":"page","link":"https:\/\/lavanderialapajarita.com\/ca\/garantia\/","title":{"rendered":"Garantia"},"content":{"rendered":"<p>[vc_row full_width=&#8221;stretch_row_content_no_spaces&#8221; css=&#8221;.vc_custom_1574844549783{margin-bottom: 0px !important;background-color: #fbfbfb !important;}&#8221;][vc_column]<h1 class=\"boc_heading  center  \"  style=\"margin-bottom: 50px;margin-top: 50px;color: #00adef;font-size: 50px;\"><span>RECONEIXEMENT I CERTIFICACIONS<\/span><\/h1>[\/vc_column][\/vc_row][vc_row full_width=&#8221;stretch_row_content_no_spaces&#8221; css=&#8221;.vc_custom_1574181072972{margin-bottom: 0px !important;}&#8221;][vc_column][rev_slider_vc alias=&#8221;garantia&#8221; el_class=&#8221;slidersensemarge&#8221;][\/vc_column][\/vc_row][vc_row full_width=&#8221;stretch_row_content_no_spaces&#8221; equal_height=&#8221;yes&#8221; css=&#8221;.vc_custom_1573661300662{margin-top: 0px !important;margin-right: 0px !important;margin-bottom: 0px !important;margin-left: 0px !important;}&#8221;][vc_column width=&#8221;2\/3&#8243; el_class=&#8221;equal_height_column white_color&#8221;][vc_row_inner][vc_column_inner css=&#8221;.vc_custom_1573657420895{padding-top: 11% !important;padding-right: 18% !important;padding-bottom: 11% !important;padding-left: 18% !important;}&#8221;]<h2 class=\"boc_heading  al_left  \"  style=\"margin-bottom: 20px;margin-top: 0px;color: #333;\"><span>LA CONFIAN\u00c7A DELS MILLORS<\/span><\/h2>[vc_column_text]<\/p>\n<div class=\"page\" title=\"Page 16\">\n<div class=\"section\">\n<div class=\"layoutArea\">\n<div class=\"column\">\n<p>El nostre alt nivell d\u2019exige\u0300ncia en qualitat ens permet oferir serveis de rentat i lloguer de roba als clients me\u0301s reconeguts del sector hoteler. A la Lavanderia La Pajarita hem consolidat una cartera de clients molt important i diversa dintre del segment d\u2019alt nivell. Aixi\u0301, treballem per complir amb les exige\u0300ncies de qualsevol perfil de client, entre hotels de 5 estrelles Gran Luxe, hotels de 4 estrelles i, en menor volum, la resta d\u2019hotels, tant de les marques hoteleres nacionals com internacionals. Contacta\u2019ns si desitges saber qualsevol detall addicional o obtenir refere\u0300ncies dels nostres clients.<\/p><\/div>\n<\/div>\n<\/div>\n<\/div>\n<p>[\/vc_column_text]<a\thref=\"\/contacte\" \n\t\t\t\tclass=\"button btn_medium btn_dark btn_circled btn_outline icon_pos_after   \"  target='_self'><span>CONTACTA&#039;NS<\/span> <i class='icon icon-chevron-right'><\/i> <\/a>[\/vc_column_inner][\/vc_row_inner][\/vc_column][vc_column width=&#8221;1\/3&#8243; el_class=&#8221;equal_height_column alturaminima&#8221; css=&#8221;.vc_custom_1578398535456{background-image: url(https:\/\/lavanderialapajarita.com\/wp-content\/uploads\/2020\/01\/pajarita-img-garantia-02.jpg?id=25201) !important;background-position: center !important;background-repeat: no-repeat !important;background-size: cover !important;}&#8221;][\/vc_column][\/vc_row][vc_row full_width=&#8221;stretch_row_content_no_spaces&#8221; equal_height=&#8221;yes&#8221; css=&#8221;.vc_custom_1574844951154{margin-top: 0px !important;margin-right: 0px !important;margin-bottom: 0px !important;margin-left: 0px !important;padding-top: 10px !important;padding-bottom: 0px !important;}&#8221;][vc_column width=&#8221;2\/3&#8243; el_class=&#8221;equal_height_column white_color&#8221;][\/vc_column][vc_column width=&#8221;1\/3&#8243; el_class=&#8221;equal_height_column&#8221; css=&#8221;.vc_custom_1574844911212{background-position: center !important;background-repeat: no-repeat !important;background-size: cover !important;}&#8221;][\/vc_column][\/vc_row][vc_row css=&#8221;.vc_custom_1573815095343{padding-top: 80px !important;padding-bottom: 50px !important;}&#8221;][vc_column]<h2 class=\"boc_heading  center  \"  style=\"margin-bottom: 30px;margin-top: 0px;color: #333333;\"><span>CONFIEN EN NOSALTRES<\/span><\/h2><div class=\"img_carousel_holder  owl_side_arrows\">\t<div class=\"img_carousel mfp_gallery\" id=\"img_carousel_151\" style=\"opacity:0;\"><div class=\"img_carousel_item boc_owl_lazy\">\t<div class=\"pic  img_hover_effect2\">\n\t\t\t\t\t\t\t\t<a href=\"https:\/\/www.hotelsantfrancesc.com\" class=\" tooltipsy\" original-title=\"Sant Francesc Hotel Singular\" target=\"_blank\">\n\t\t\t\t\t\t\t\t\t<img src=\"https:\/\/lavanderialapajarita.com\/wp-content\/uploads\/2020\/01\/be_logo_003_sant_francesc.jpg\" alt=\"\" \/>\n\t\t\t\t\t\t\t\t<\/a>\n\t\t\t\t\t\t\t<\/div>\n\t\t\t\t\t\t<\/div><div class=\"img_carousel_item boc_owl_lazy\">\t<div class=\"pic  img_hover_effect2\">\n\t\t\t\t\t\t\t\t<a href=\"https:\/\/www.puresaltluxuryhotels.com\" class=\" tooltipsy\" original-title=\"Pure Salt Luxury Hotels\" target=\"_blank\">\n\t\t\t\t\t\t\t\t\t<img src=\"https:\/\/lavanderialapajarita.com\/wp-content\/uploads\/2020\/01\/be_logo_004_pure_salt.jpg\" alt=\"\" \/>\n\t\t\t\t\t\t\t\t<\/a>\n\t\t\t\t\t\t\t<\/div>\n\t\t\t\t\t\t<\/div><div class=\"img_carousel_item boc_owl_lazy\">\t<div class=\"pic  img_hover_effect2\">\n\t\t\t\t\t\t\t\t<a href=\"https:\/\/www.posadaterrasanta.com\" class=\" tooltipsy\" original-title=\"Posada Terra Santa\" target=\"_blank\">\n\t\t\t\t\t\t\t\t\t<img src=\"https:\/\/lavanderialapajarita.com\/wp-content\/uploads\/2020\/01\/be_logo_005_posada.jpg\" alt=\"\" \/>\n\t\t\t\t\t\t\t\t<\/a>\n\t\t\t\t\t\t\t<\/div>\n\t\t\t\t\t\t<\/div><div class=\"img_carousel_item boc_owl_lazy\">\t<div class=\"pic  img_hover_effect2\">\n\t\t\t\t\t\t\t\t<a href=\"https:\/\/www.itmallorcauniquespaces.com\/es\/\" class=\" tooltipsy\" original-title=\"IT Mallorca\" target=\"_blank\">\n\t\t\t\t\t\t\t\t\t<img src=\"https:\/\/lavanderialapajarita.com\/wp-content\/uploads\/2020\/01\/be_logo_006_it_mallorca.jpg\" alt=\"\" \/>\n\t\t\t\t\t\t\t\t<\/a>\n\t\t\t\t\t\t\t<\/div>\n\t\t\t\t\t\t<\/div><div class=\"img_carousel_item boc_owl_lazy\">\t<div class=\"pic  img_hover_effect2\">\n\t\t\t\t\t\t\t\t<a href=\"https:\/\/www.esprincep.com\/es\" class=\" tooltipsy\" original-title=\"Es Pr\u00edncep Hotel\" target=\"_blank\">\n\t\t\t\t\t\t\t\t\t<img src=\"https:\/\/lavanderialapajarita.com\/wp-content\/uploads\/2020\/01\/be_logo_007_es_princep.jpg\" alt=\"\" \/>\n\t\t\t\t\t\t\t\t<\/a>\n\t\t\t\t\t\t\t<\/div>\n\t\t\t\t\t\t<\/div><div class=\"img_carousel_item boc_owl_lazy\">\t<div class=\"pic  img_hover_effect2\">\n\t\t\t\t\t\t\t\t<a href=\"https:\/\/www.jumeirah.com\/Stay\/Mallorca\/Jumeirah-Port-Soller-Hotel-and-Spa\" class=\" tooltipsy\" original-title=\"Jumeirah\" target=\"_blank\">\n\t\t\t\t\t\t\t\t\t<img src=\"https:\/\/lavanderialapajarita.com\/wp-content\/uploads\/2020\/01\/be_logo_008_jumeirah.jpg\" alt=\"\" \/>\n\t\t\t\t\t\t\t\t<\/a>\n\t\t\t\t\t\t\t<\/div>\n\t\t\t\t\t\t<\/div><div class=\"img_carousel_item boc_owl_lazy\">\t<div class=\"pic  img_hover_effect2\">\n\t\t\t\t\t\t\t\t<a href=\"https:\/\/www.hotelalmudaina.com\" class=\" tooltipsy\" original-title=\"Hotel Almudaina\" target=\"_blank\">\n\t\t\t\t\t\t\t\t\t<img src=\"https:\/\/lavanderialapajarita.com\/wp-content\/uploads\/2020\/01\/be_logo_010_almudaina.jpg\" alt=\"\" \/>\n\t\t\t\t\t\t\t\t<\/a>\n\t\t\t\t\t\t\t<\/div>\n\t\t\t\t\t\t<\/div><div class=\"img_carousel_item boc_owl_lazy\">\t<div class=\"pic  img_hover_effect2\">\n\t\t\t\t\t\t\t\t<a href=\"https:\/\/caprocat.com\" class=\" tooltipsy\" original-title=\"Hotel Cap Rocat\" target=\"_blank\">\n\t\t\t\t\t\t\t\t\t<img src=\"https:\/\/lavanderialapajarita.com\/wp-content\/uploads\/2020\/01\/be_logo_002_cap_rocat.jpg\" alt=\"\" \/>\n\t\t\t\t\t\t\t\t<\/a>\n\t\t\t\t\t\t\t<\/div>\n\t\t\t\t\t\t<\/div><div class=\"img_carousel_item boc_owl_lazy\">\t<div class=\"pic  img_hover_effect2\">\n\t\t\t\t\t\t\t\t<a href=\"https:\/\/www.meliahotelsinternational.com\" class=\" tooltipsy\" original-title=\"Meli\u00e0 Hotels Internacional\" target=\"_blank\">\n\t\t\t\t\t\t\t\t\t<img src=\"https:\/\/lavanderialapajarita.com\/wp-content\/uploads\/2020\/01\/be_logo_001_melia.jpg\" alt=\"\" \/>\n\t\t\t\t\t\t\t\t<\/a>\n\t\t\t\t\t\t\t<\/div>\n\t\t\t\t\t\t<\/div><div class=\"img_carousel_item boc_owl_lazy\">\t<div class=\"pic  img_hover_effect2\">\n\t\t\t\t\t\t\t\t<a href=\"https:\/\/www.hotelmama.es\" class=\" tooltipsy\" original-title=\"Hotel Mama\" target=\"_blank\">\n\t\t\t\t\t\t\t\t\t<img src=\"https:\/\/lavanderialapajarita.com\/wp-content\/uploads\/2020\/01\/be_logo_009_mama.jpg\" alt=\"\" \/>\n\t\t\t\t\t\t\t\t<\/a>\n\t\t\t\t\t\t\t<\/div>\n\t\t\t\t\t\t<\/div><\/div>\n\t\t\t\t <\/div>\n\t\t\t\t\t<!-- Image Slider -->\n\t\t\t\t\t<script type=\"text\/javascript\">\n\n\t\t\t\t\t\tjQuery(document).ready(function($) {\n\t\t\t\t\t\t\t\n\t\t\t\t\t\t\tvar carousel = jQuery(\"#img_carousel_151\");\n\t\t\t\t\t\t\t\n\t\t\t\t\t\t\tvar args = {\n\t\t\t\t\t\t\t\t\titems: \t\t\t\t5,\n\t\t\t\t\t\t\t\t\tslideBy: \t\t\t1,\t\t\t\t\t\t\n\t\t\t\t\t\t\t\t\tautoplay:\t\t\ttrue,\n\t\t\t\t\t\t\t\t\tautoplayTimeout:\t4000,\n\t\t\t\t\t\t\t\t\tnav: \t\t\t\ttrue,\n\t\t\t\t\t\t\t\t\tdots: \t\t\t\tfalse,\n\t\t\t\t\t\t\t\t\tloop: \t\t\t\tfalse,\n\t\t\t\t\t\t\t\t\tsmartSpeed:\t\t\t500,\n\t\t\t\t\t\t\t\t\tnavText:\t\t\t[\"<span class='icon  icon-angle-left-circle'><\/span>\",\"<span class='icon icon-angle-right-circle'><\/span>\"],\n\t\t\t\t\t\t\t\t\tnavRewind: \t\t\tfalse,\n\t\t\t\t\t\t\t\t\trtl : \t\t\t\tfalse,\n\t\t\t\t\t\t\t\t\tmargin: \t\t\t25,\n\t\t\t\t\t\t\t\t\tresponsive:{\n\t\t\t\t\t\t\t\t\t\t0:{\n\t\t\t\t\t\t\t\t\t\t  items:1,\n\t\t\t\t\t\t\t\t\t\t},\n\t\t\t\t\t\t\t\t\t\t480:{\n\t\t\t\t\t\t\t\t\t\t  items:1,\n\t\t\t\t\t\t\t\t\t\t  margin:20,\n\t\t\t\t\t\t\t\t\t\t},\n\t\t\t\t\t\t\t\t\t\t769:{\n\t\t\t\t\t\t\t\t\t\t  items:5\n\t\t\t\t\t\t\t\t\t\t}\n\t\t\t\t\t\t\t\t\t},\n\t\t\t\t\t\t\t\t\tonInitialized: showCarousel_151\n\t\t\t\t\t\t\t};\n\t\t\t\t\t\t\t\n\t\t\t\t\t\t\tcarousel.owlCarousel(args);\n\n\t\t\t\t\t\t\tvar initital_width = carousel.css(\"width\");\t\t\n\t\t\t\t\t\t\t\t\n\t\t\t\t\t\t\t\/* Refresh it for full width rows *\/\n\t\t\t\t\t\t\t$(window).load(function(){\n\t\t\t\t\t\t\t\tif(carousel.css(\"width\") != initital_width) {\n\t\t\t\t\t\t\t\t\tcarousel.trigger(\"destroy.owl.carousel\").removeClass(\"owl-carousel owl-loaded\");\n\t\t\t\t\t\t\t\t\tcarousel.find(\".owl-stage-outer\").children().unwrap();\n\t\t\t\t\t\t\t\t\tcarousel.owlCarousel(args);\n\t\t\t\t\t\t\t\t}\n\t\t\t\t\t\t\t});\n\t\t\t\t\t\t\t\n\t\t\t\t\t\t\t\/* Show once loaded *\/\n\t\t\t\t\t\t\tfunction showCarousel_151() {\n\t\t\t\t\t\t\t\tcarousel.fadeTo(0,1);\n\t\t\t\t\t\t\t\t$(\"#img_carousel_151 .owl-item .boc_owl_lazy\").css(\"opacity\",\"1\");\n\t\t\t\t\t\t\t}\n\t\t\t\t\t\t});\n\t\t\t\t\t\t\n\t\t\t\t\t<\/script>\n\t\t\t\t\t<!-- Image Slider :: END -->[\/vc_column][\/vc_row][vc_row full_width=&#8221;stretch_row&#8221; equal_height=&#8221;yes&#8221; bg_type=&#8221;bg_color&#8221; el_class=&#8221;no_text_transform&#8221; css=&#8221;.vc_custom_1574850785119{margin-bottom: 0px !important;padding-top: 80px !important;padding-bottom: 80px !important;}&#8221; bg_color_value=&#8221;#d7d7d7&#8243;][vc_column][vc_row_inner equal_height=&#8221;yes&#8221; content_placement=&#8221;middle&#8221; css=&#8221;.vc_custom_1574247151869{margin-top: 0px !important;margin-right: 0px !important;margin-bottom: 0px !important;margin-left: 0px !important;padding-top: 0px !important;padding-right: 0px !important;padding-bottom: 0px !important;padding-left: 0px !important;background-color: #ffffff !important;}&#8221;][vc_column_inner el_class=&#8221;equal_height_column alturaminima&#8221; width=&#8221;1\/2&#8243; css=&#8221;.vc_custom_1578398568503{margin-top: 0px !important;margin-right: 0px !important;margin-bottom: 0px !important;margin-left: 0px !important;padding-top: 0px !important;padding-right: 0px !important;padding-bottom: 0px !important;padding-left: 0px !important;background-image: url(https:\/\/lavanderialapajarita.com\/wp-content\/uploads\/2020\/01\/pajarita-img-garantia-03.jpg?id=25205) !important;background-position: center !important;background-repeat: no-repeat !important;background-size: cover !important;}&#8221;][\/vc_column_inner][vc_column_inner el_class=&#8221;equal_height_column white_color&#8221; width=&#8221;1\/2&#8243; css=&#8221;.vc_custom_1574247201118{padding-top: 52px !important;padding-right: 52px !important;padding-bottom: 52px !important;padding-left: 52px !important;}&#8221;]<h2 class=\"boc_heading  al_left  \"  style=\"margin-bottom: 20px;margin-top: 0px;color: #333;\"><span>TRANSPORT PROPI<\/span><\/h2>[vc_column_text]<\/p>\n<div class=\"page\" title=\"Page 16\">\n<div class=\"section\">\n<div class=\"layoutArea\">\n<div class=\"column\">\n<p>Lavanderi\u0301a la Pajarita compta amb una flota de camions pro\u0300pia.<\/p>\n<p>Per tot aix\u00f2, podem assegurar que des del 2014 no hi ha hagut ni un sol dia que h\u00e0gim deixat de servir als nostres clients.<\/p>\n<p>La nostra flota actual a Mallorca consta de:<\/p><\/div>\n<\/div>\n<\/div>\n<\/div>\n<p>[\/vc_column_text]<div class=\"boc_list_item  \" >\n\t\t\t\t\t<span class=\"li_icon normal \" style=\"\"><i class=\"icon icon-check2\" style=\"color: #333333;\"><\/i><\/span>\n\t\t\t\t\t<div class=\"boc_list_item_text normal\"><\/p>\n<div class=\"page\" title=\"Page 16\">\n<div class=\"section\">\n<div class=\"layoutArea\">\n<div class=\"column\">\n<p>7 camions de diferent tonelatge, fins a 12t, per a un control absolut de les entregues de cada client.<\/p><\/div>\n<\/div>\n<\/div>\n<\/div>\n<p><\/div>\n\t\t\t\t   <\/div>[\/vc_column_inner][\/vc_row_inner][\/vc_column][\/vc_row][vc_row full_width=&#8221;stretch_row&#8221; equal_height=&#8221;yes&#8221; bg_type=&#8221;image&#8221; parallax_style=&#8221;vcpb-vz-jquery&#8221; bg_image_new=&#8221;23819&#8243; bg_image_repeat=&#8221;no-repeat&#8221; parallax_sense=&#8221;40&#8243; disable_on_mobile_img_parallax=&#8221;off&#8221; el_class=&#8221;no_text_transform&#8221; css=&#8221;.vc_custom_1573823909106{margin-bottom: 0px !important;padding-top: 80px !important;padding-bottom: 60px !important;}&#8221;][vc_column][vc_row_inner equal_height=&#8221;yes&#8221; content_placement=&#8221;middle&#8221; css=&#8221;.vc_custom_1574243730549{margin-top: 0px !important;margin-right: 0px !important;margin-bottom: 0px !important;margin-left: 0px !important;padding-top: 32px !important;padding-right: 32px !important;padding-bottom: 32px !important;padding-left: 32px !important;background-color: rgba(255,255,255,0.7) !important;*background-color: rgb(255,255,255) !important;}&#8221;][vc_column_inner width=&#8221;1\/2&#8243;]<div class=\"boc_spacing \" style=\"height: 20px\"><\/div><h2 class=\"boc_heading  al_left  \"  style=\"margin-bottom: 20px;margin-top: 0px;color: #333;\"><span>CONTROLS I CERTIFICACIONS<\/span><\/h2>[vc_column_text]<\/p>\n<div class=\"page\" title=\"Page 16\">\n<div class=\"section\">\n<div class=\"layoutArea\">\n<div class=\"column\">\n<p>El proce\u0301s de rentat esta\u0300 controlat i certificat per una empresa externa (actualment Ecolab).<br \/>\nEl proce\u0301s de rentat e\u0301s el convencional a 80o per a garantir la desinfeccio\u0301 total de la roba.<br \/>\nEls productes que utilitzem de la marca Ecolab compleixen amb totes les normatives mediambientals i de biodegradacio\u0301 segons la legislacio\u0301 vigent i conti\u0301nuament els nostres te\u0300cnics i els de Ecolab analitzen els principals valors per tal d\u2019assegurar un bon rentat i un bon esbandit:<\/div>\n<\/div>\n<\/div>\n<\/div>\n<p>[\/vc_column_text]<div class=\"boc_list_item  \" >\n\t\t\t\t\t<span class=\"li_icon normal \" style=\"\"><i class=\"icon icon-check2\" style=\"color: #333333;\"><\/i><\/span>\n\t\t\t\t\t<div class=\"boc_list_item_text normal\">Ph<\/div>\n\t\t\t\t   <\/div><div class=\"boc_list_item  \" >\n\t\t\t\t\t<span class=\"li_icon normal \" style=\"\"><i class=\"icon icon-check2\" style=\"color: #333333;\"><\/i><\/span>\n\t\t\t\t\t<div class=\"boc_list_item_text normal\">Alcalinitat<\/div>\n\t\t\t\t   <\/div><div class=\"boc_list_item  \" >\n\t\t\t\t\t<span class=\"li_icon normal \" style=\"\"><i class=\"icon icon-check2\" style=\"color: #333333;\"><\/i><\/span>\n\t\t\t\t\t<div class=\"boc_list_item_text normal\">Ferro<\/div>\n\t\t\t\t   <\/div><div class=\"boc_list_item  \" >\n\t\t\t\t\t<span class=\"li_icon normal \" style=\"\"><i class=\"icon icon-check2\" style=\"color: #333333;\"><\/i><\/span>\n\t\t\t\t\t<div class=\"boc_list_item_text normal\">Oxidants<\/div>\n\t\t\t\t   <\/div><div class=\"boc_list_item  \" >\n\t\t\t\t\t<span class=\"li_icon normal \" style=\"\"><i class=\"icon icon-check2\" style=\"color: #333333;\"><\/i><\/span>\n\t\t\t\t\t<div class=\"boc_list_item_text normal\">Incrustacions<\/div>\n\t\t\t\t   <\/div><div class=\"boc_list_item  \" >\n\t\t\t\t\t<span class=\"li_icon normal \" style=\"\"><i class=\"icon icon-check2\" style=\"color: #333333;\"><\/i><\/span>\n\t\t\t\t\t<div class=\"boc_list_item_text normal\">Dany qu\u00edmic<\/div>\n\t\t\t\t   <\/div><div class=\"boc_list_item  \" >\n\t\t\t\t\t<span class=\"li_icon normal \" style=\"\"><i class=\"icon icon-check2\" style=\"color: #333333;\"><\/i><\/span>\n\t\t\t\t\t<div class=\"boc_list_item_text normal\">Resist\u00e8ncia mec\u00e0nica de la roba a la ruptura despr\u00e9s de 20, 40, 60 i 80 rentades<\/div>\n\t\t\t\t   <\/div><div class=\"boc_list_item  \" >\n\t\t\t\t\t<span class=\"li_icon normal \" style=\"\"><i class=\"icon icon-check2\" style=\"color: #333333;\"><\/i><\/span>\n\t\t\t\t\t<div class=\"boc_list_item_text normal\">Duresa de l\u2019aigua<\/div>\n\t\t\t\t   <\/div><div class=\"boc_spacing \" style=\"height: 30px\"><\/div>[\/vc_column_inner][vc_column_inner width=&#8221;1\/2&#8243;]<div class=\"boc_spacing \" style=\"height: 20px\"><\/div>[vc_single_image alignment=&#8221;center&#8221; image=&#8221;25647&#8243;]<div class=\"boc_spacing \" style=\"height: 30px\"><\/div>[\/vc_column_inner][\/vc_row_inner][\/vc_column][\/vc_row][vc_row full_width=&#8221;stretch_row&#8221; bg_type=&#8221;bg_color&#8221; enable_overlay=&#8221;off&#8221; el_class=&#8221;white_text&#8221; css=&#8221;.vc_custom_1573808681791{margin-bottom: 0px !important;padding-top: 24px !important;padding-bottom: 20px !important;}&#8221; bg_color_value=&#8221;#00adef&#8221;][vc_column]<div class=\"text_box calltoactionblau box_no_bgr \"><div class=\"text_box_content with_button\"><h2>Vols con\u00e8ixer com podem ajudar-te?<\/h2>\n\t\t\t\t\t<p><\/p>\n\t\t\t\t<\/div><div class=\"btn_holder\"><a\thref=\"\/contacte\" \n\t\t\t\t\tclass=\"button  btn_medium_stretched btn_white btn_circled btn_outline icon_pos_after \"  target='_self'><span>CONTACTA'NS<\/span> <i class='icon icon icon-angle-right2'><\/i> <\/a><\/div><\/div>[\/vc_column][\/vc_row]<\/p>\n","protected":false},"excerpt":{"rendered":"<p>[vc_row full_width=&#8221;stretch_row_content_no_spaces&#8221; css=&#8221;.vc_custom_1574844549783{margin-bottom: 0px !important;background-color: #fbfbfb !important;}&#8221;][vc_column][\/vc_column][\/vc_row][vc_row full_width=&#8221;stretch_row_content_no_spaces&#8221; css=&#8221;.vc_custom_1574181072972{margin-bottom: 0px !important;}&#8221;][vc_column][rev_slider_vc alias=&#8221;garantia&#8221; el_class=&#8221;slidersensemarge&#8221;][\/vc_column][\/vc_row][vc_row full_width=&#8221;stretch_row_content_no_spaces&#8221; equal_height=&#8221;yes&#8221; css=&#8221;.vc_custom_1573661300662{margin-top: 0px !important;margin-right: 0px !important;margin-bottom: 0px !important;margin-left: 0px !important;}&#8221;][vc_column width=&#8221;2\/3&#8243; el_class=&#8221;equal_height_column white_color&#8221;][vc_row_inner][vc_column_inner css=&#8221;.vc_custom_1573657420895{padding-top: 11% !important;padding-right: 18% !important;padding-bottom: 11% !important;padding-left: 18% !important;}&#8221;][vc_column_text] El nostre alt nivell d\u2019exige\u0300ncia en qualitat ens permet oferir serveis de rentat i lloguer de roba als clients me\u0301s reconeguts del sector hoteler.<\/p>\n<div class=\"h10\"><\/div>\n<p><a class=\"more-link2 flat\" href=\"https:\/\/lavanderialapajarita.com\/ca\/garantia\/\">Read more<\/a><\/p>\n","protected":false},"author":1,"featured_media":0,"parent":0,"menu_order":32,"comment_status":"open","ping_status":"closed","template":"","meta":[],"_links":{"self":[{"href":"https:\/\/lavanderialapajarita.com\/ca\/wp-json\/wp\/v2\/pages\/23979"}],"collection":[{"href":"https:\/\/lavanderialapajarita.com\/ca\/wp-json\/wp\/v2\/pages"}],"about":[{"href":"https:\/\/lavanderialapajarita.com\/ca\/wp-json\/wp\/v2\/types\/page"}],"author":[{"embeddable":true,"href":"https:\/\/lavanderialapajarita.com\/ca\/wp-json\/wp\/v2\/users\/1"}],"replies":[{"embeddable":true,"href":"https:\/\/lavanderialapajarita.com\/ca\/wp-json\/wp\/v2\/comments?post=23979"}],"version-history":[{"count":54,"href":"https:\/\/lavanderialapajarita.com\/ca\/wp-json\/wp\/v2\/pages\/23979\/revisions"}],"predecessor-version":[{"id":25651,"href":"https:\/\/lavanderialapajarita.com\/ca\/wp-json\/wp\/v2\/pages\/23979\/revisions\/25651"}],"wp:attachment":[{"href":"https:\/\/lavanderialapajarita.com\/ca\/wp-json\/wp\/v2\/media?parent=23979"}],"curies":[{"name":"wp","href":"https:\/\/api.w.org\/{rel}","templated":true}]}}