{"id":23933,"date":"2019-11-19T11:08:42","date_gmt":"2019-11-19T09:08:42","guid":{"rendered":"http:\/\/bugaderiaemporda.efimatica.com\/?page_id=23933"},"modified":"2019-12-03T10:16:31","modified_gmt":"2019-12-03T08:16:31","slug":"lloguer","status":"publish","type":"page","link":"https:\/\/lavanderialapajarita.com\/ca\/lloguer\/","title":{"rendered":"Lloguer"},"content":{"rendered":"<p>[vc_row full_width=&#8221;stretch_row_content_no_spaces&#8221; css=&#8221;.vc_custom_1574844220914{margin-bottom: 0px !important;background-color: #fbfbfb !important;}&#8221;][vc_column]<h1 class=\"boc_heading  center  \"  style=\"margin-bottom: 50px;margin-top: 50px;color: #00adef;font-size: 50px;\"><span>PIONERS DEL RENTING T\u00c8XTIL<\/span><\/h1>[\/vc_column][\/vc_row][vc_row full_width=&#8221;stretch_row_content_no_spaces&#8221; css=&#8221;.vc_custom_1574154667761{margin-top: 0px !important;margin-bottom: 0px !important;padding-top: 0px !important;padding-bottom: 0px !important;}&#8221;][vc_column]\n\t\t\t\t\t<!-- Image Slider -->\n\t\t\t\t\t<script type=\"text\/javascript\">\n\n\t\t\t\t\t\tjQuery(document).ready(function($) {\n\t\t\t\t\t\t\t\n\t\t\t\t\t\t\t\/\/ Load carousel after its images are loaded\n\t\t\t\t\t\t\tpreloadImages($(\"#img_slider_65b56ae58a32c696c722f1a563a9051f img\"), function () {\n\t\t\t\t\t\t\t\t\n\t\t\t\t\t\t\t\tvar carousel = $(\"#img_slider_65b56ae58a32c696c722f1a563a9051f\");\n\t\t\t\t\t\t\t\t\n\t\t\t\t\t\t\t\tvar args = {\n\t\t\t\t\t\t\t\t\titems: \t\t\t1,\n\t\t\t\t\t\t\t\t\tmouseDrag:\t\ttrue,\n\t\t\t\t\t\t\t\t\tautoplay:\t\tfalse,\n\t\t\t\t\t\t\t\t\tautoplayTimeout:6000,\n\t\t\t\t\t\t\t\t\tnav: \t\t\ttrue,\n\t\t\t\t\t\t\t\t\tdots: \t\t\ttrue,\n\t\t\t\t\t\t\t\t\tloop: \t\t\ttrue,\n\t\t\t\t\t\t\t\t\tautoHeight: \tfalse,\n\t\t\t\t\t\t\t\t\tsmartSpeed:\t\t500,\n\t\t\t\t\t\t\tnavText:\t\t\t[\"<span class='icon icon-arrow-left8'><\/span>\",\"<span class='icon icon-uniE708'><\/span>\"],\n\t\t\t\t\t\t\t\t\tslideBy: \t\t1,\n\t\t\t\t\t\t\t\t\tnavRewind: \t\tfalse,\n\t\t\t\t\t\t\t\t\trtl: \t\t\tfalse,\n\t\t\t\t\t\t\t\t\tonInitialized:  \tshowCarousel_65b56ae58a32c696c722f1a563a9051f,\n\t\t\t\t\t\t\t\t\tanimateOut:\"fadeOut\", animateIn: \"fadeIn\"\n\t\t\t\t\t\t\t\t};\n\t\t\t\t\t\t\t\t\n\t\t\t\t\t\t\t\tcarousel.owlCarousel(args);\n\n\t\t\t\t\t\t\t\tvar initital_width = carousel.css(\"width\");\t\t\n\t\t\t\t\t\t\t\t\n\t\t\t\t\t\t\t\t\/* Refresh it for full width rows *\/\n\t\t\t\t\t\t\t\t$(window).load(function(){\n\t\t\t\t\t\t\t\t\tif(carousel.css(\"width\") != initital_width) {\n\t\t\t\t\t\t\t\t\t\tcarousel.trigger(\"destroy.owl.carousel\").removeClass(\"owl-carousel owl-loaded\");\n\t\t\t\t\t\t\t\t\t\tcarousel.find(\".owl-stage-outer\").children().unwrap();\n\t\t\t\t\t\t\t\t\t\tcarousel.owlCarousel(args);\n\t\t\t\t\t\t\t\t\t}\n\t\t\t\t\t\t\t\t});\n\t\t\t\t\t\t\t});\n\t\t\t\t\t\t\t\n\t\t\t\t\t\t\t\n\t\t\t\t\t\t\t\/* Show after initialized *\/\n\t\t\t\t\t\t\tfunction showCarousel_65b56ae58a32c696c722f1a563a9051f() {\n\t\t\t\t\t\t\t\t$(\"#img_slider_65b56ae58a32c696c722f1a563a9051f\").fadeTo(0,1);\n\t\t\t\t\t\t\t\t$(\"#img_slider_65b56ae58a32c696c722f1a563a9051f .owl-item .boc_owl_lazy\").css(\"opacity\",\"1\");\n\t\t\t\t\t\t\t}\t\t\t\t\t\t\t\n\t\t\t\t\t\t\t\n\t\t\t\t\t\t\t\n\t\t\t\t\t\t});\n\n\t\t\t\t\t<\/script>\n\t\t\t\t\t<!-- Image Slider :: END --><div class=\"img_slider mfp_gallery  has_dots big_arrows\" id=\"img_slider_65b56ae58a32c696c722f1a563a9051f\" style=\"opacity:0;\"><div class=\"img_slider_item boc_owl_lazy\"><img src=\"https:\/\/lavanderialapajarita.com\/wp-content\/uploads\/2019\/11\/bugaderia-img-lloguer-slideA-01.jpg\" alt=\"\" title=\"\"\/><\/div><div class=\"img_slider_item boc_owl_lazy\"><img src=\"https:\/\/lavanderialapajarita.com\/wp-content\/uploads\/2019\/11\/bugaderia-img-lloguer-slideA-02.jpg\" alt=\"\" title=\"\"\/><\/div><div class=\"img_slider_item boc_owl_lazy\"><img src=\"https:\/\/lavanderialapajarita.com\/wp-content\/uploads\/2019\/11\/bugaderia-img-lloguer-slideA-03.jpg\" alt=\"\" title=\"\"\/><\/div><div class=\"img_slider_item boc_owl_lazy\"><img src=\"https:\/\/lavanderialapajarita.com\/wp-content\/uploads\/2019\/11\/bugaderia-img-lloguer-slideA-04.jpg\" alt=\"\" title=\"\"\/><\/div><\/div>[\/vc_column][\/vc_row][vc_row equal_height=&#8221;yes&#8221; css=&#8221;.vc_custom_1574071631455{margin-top: 0px !important;margin-right: 0px !important;margin-bottom: 0px !important;margin-left: 0px !important;padding-top: 60px !important;padding-bottom: 60px !important;}&#8221;][vc_column width=&#8221;2\/3&#8243; el_class=&#8221;equal_height_column white_color&#8221;]<h2 class=\"boc_heading  al_left  \"  style=\"margin-bottom: 20px;margin-top: 0px;color: #333333;font-size: 30px;\"><span>EL SERVEI DE BUGADERIA M\u00c9S PROFESSIONAL<\/span><\/h2>[vc_column_text]Complementant els serveis de rentat, oferim serveis de lloguer de roba per a cobrir les diferents necessitats de l&#8217;oferta hotelera: roba de llit per a les habitacions, per a banys, restaurants, spas i piscines. Tant l&#8217;origen d\u2019aquesta<br \/>\nmetodologia de servei com del concepte provenen del Regne Unit i es van comen\u00e7ar a popularitzar a la pen\u00ednsula ib\u00e8rica durant els primers anys de la d\u00e8cada dels 90. Amb la creixent professionalitzaci\u00f3 del sector, els hotelers van<br \/>\ndeixar de comprar la roba i rentar-la en bugaderies dins els seus establiments per passar a externalitzar aquest servei.<\/p>\n<p>Bugaderia l\u2019Empord\u00e0 va ser pionera en oferir aquest servei als primers clients que ho van preferir, a Barcelona i Sitges, ja des de l&#8217;any 1992. Actualment, a banda del servei de rentat, oferim tamb\u00e9 serveis de lloguer de roba a m\u00e9s del 95% de la nostra cartera de clients. La roba que lloguem \u00e9s principalment de cot\u00f3 100% (el 80% de la nostra producci\u00f3) i es complementa amb altres teixits com cot\u00f3 i poli\u00e8ster (80%\/20%), lli i poli\u00e8ster (50%\/50%), lli (100%) i poli\u00e8ster (100%), cadascun amb funcionalitats espec\u00edfiques al seu \u00fas i sempre provinents dels millors prove\u00efdors de qualitat.[\/vc_column_text]<div class=\"boc_spacing \" style=\"height: 20px\"><\/div>[\/vc_column][vc_column width=&#8221;1\/3&#8243; el_class=&#8221;equal_height_column&#8221; css=&#8221;.vc_custom_1574785922604{background-position: center !important;background-repeat: no-repeat !important;background-size: cover !important;}&#8221;]<h2 class=\"boc_heading  al_left  \"  style=\"margin-bottom: 20px;margin-top: 0px;color: #333333;font-size: 30px;\"><span>AVANTATGES PER A L&#8217;HOTEL<\/span><\/h2><div class=\"boc_list_item  \" >\n\t\t\t\t\t<span class=\"li_icon normal \" style=\"\"><i class=\"icon icon-check2\" style=\"color: #00adef;\"><\/i><\/span>\n\t\t\t\t\t<div class=\"boc_list_item_text normal\">Conversi\u00f3 del cost variable de la roba a un servei de cost fix<\/div>\n\t\t\t\t   <\/div><div class=\"boc_list_item  \" >\n\t\t\t\t\t<span class=\"li_icon normal \" style=\"\"><i class=\"icon icon-check2\" style=\"color: #00adef;\"><\/i><\/span>\n\t\t\t\t\t<div class=\"boc_list_item_text normal\">No cal assumir els costos de desgast, trencament i robatori de la roba<\/div>\n\t\t\t\t   <\/div><div class=\"boc_list_item  \" >\n\t\t\t\t\t<span class=\"li_icon normal \" style=\"\"><i class=\"icon icon-check2\" style=\"color: #00adef;\"><\/i><\/span>\n\t\t\t\t\t<div class=\"boc_list_item_text normal\">Aprofitament de la superf\u00edcie de bugaderia per a altres usos<\/div>\n\t\t\t\t   <\/div><div class=\"boc_list_item  \" >\n\t\t\t\t\t<span class=\"li_icon normal \" style=\"\"><i class=\"icon icon-check2\" style=\"color: #00adef;\"><\/i><\/span>\n\t\t\t\t\t<div class=\"boc_list_item_text normal\">Garantia d\u2019un millor servei, millor preu i m\u00e9s efici\u00e8ncia<\/div>\n\t\t\t\t   <\/div><div class=\"boc_list_item  \" >\n\t\t\t\t\t<span class=\"li_icon normal \" style=\"\"><i class=\"icon icon-check2\" style=\"color: #00adef;\"><\/i><\/span>\n\t\t\t\t\t<div class=\"boc_list_item_text normal\">Simplificaci\u00f3 de processos i m\u00e9s facilitat de gesti\u00f3 per a les governantes<\/div>\n\t\t\t\t   <\/div><div class=\"boc_spacing \" style=\"height: 20px\"><\/div><a\thref=\"\/contacte\" \n\t\t\t\tclass=\"button btn_medium btn_dark btn_circled btn_outline icon_pos_after   \"  target='_self'><span>CONTACTA&#039;NS<\/span> <i class='icon icon-angle-right'><\/i> <\/a>[\/vc_column][\/vc_row][vc_row full_width=&#8221;stretch_row&#8221; css=&#8221;.vc_custom_1574850567102{margin-top: 0px !important;margin-bottom: 0px !important;padding-top: 80px !important;padding-bottom: 80px !important;background-color: #fbfbfb !important;}&#8221;][vc_column]\n\t\t<!--New Tabs-->\n\t\t<div class=\"newtabs clearfix vertical  minimal_style\">\n\t\t\t<ul class=\"resp-tabs-list\">\n\t\t\t<\/ul>\n\t\t\t<div class=\"resp-tabs-container\">\n\t\t<div class=\"single_tab_div\" rel-title=\"Roba de Llit\" rel-icon=\"\">[vc_row_inner][vc_column_inner width=&#8221;1\/2&#8243;]<h2 class=\"boc_heading  al_left  \"  style=\"margin-bottom: 20px;margin-top: 0px;color: #00adef;\"><span>ROBA DE LLIT<\/span><\/h2>[vc_column_text]La roba de llit i els accessoris destinats a l&#8217;habitaci\u00f3 de l&#8217;hotel s\u00f3n elements claus per tal de garantir el descans i relaxament de qui s&#8217;hi allotja. La qualitat dels nostres llen\u00e7ols, coixineres, v\u00e0noves i n\u00f2rdics garanteixen les experi\u00e8ncies i, sobretot, els somnis que ven l&#8217;hoteler.[\/vc_column_text]<div class=\"boc_spacing \" style=\"height: 20px\"><\/div>[\/vc_column_inner][vc_column_inner width=&#8221;1\/2&#8243;][vc_single_image alignment=&#8221;center&#8221; image=&#8221;23945&#8243;]<div class=\"boc_spacing \" style=\"height: 20px\"><\/div>[\/vc_column_inner][\/vc_row_inner]<\/div><div class=\"single_tab_div\" rel-title=\"Roba de bany i spa\" rel-icon=\"\">[vc_row_inner][vc_column_inner width=&#8221;1\/2&#8243;]<h2 class=\"boc_heading  al_left  \"  style=\"margin-bottom: 20px;margin-top: 0px;color: #00adef;\"><span>ROBA DE BANY I SPA<\/span><\/h2>[vc_column_text]El teixit de cot\u00f3 100% de fils llargs de cot\u00f3 de 22 caps, juntament amb la qualitat en els productes del rentat i l&#8217;assecat amb detectors d&#8217;infrarojos de temperatura<br \/>\nens permeten donar una suavitat extraordin\u00e0ria a les nostres tovalloles i barnussos. La diversitat de mides, gramatges i colors permeten una selecci\u00f3 totalment adaptada a la imatge de l&#8217;hotel.[\/vc_column_text]<div class=\"boc_spacing \" style=\"height: 20px\"><\/div>[\/vc_column_inner][vc_column_inner width=&#8221;1\/2&#8243;][vc_single_image alignment=&#8221;center&#8221; image=&#8221;23946&#8243;]<div class=\"boc_spacing \" style=\"height: 20px\"><\/div>[\/vc_column_inner][\/vc_row_inner]<\/div><div class=\"single_tab_div\" rel-title=\"Roba de restauraci\u00f3\" rel-icon=\"\">[vc_row_inner][vc_column_inner width=&#8221;1\/2&#8243;]<h2 class=\"boc_heading  al_left  \"  style=\"margin-bottom: 20px;margin-top: 0px;color: #00adef;\"><span>GRAU DE BLANC GANSZGRIESSER<\/span><\/h2>[vc_column_text]La qualitat de la bugaderia, un bon planxat i l&#8217;abs\u00e8ncia de plecs s\u00f3n la base per a gaudir d\u2019un \u00e0pat de luxe en els millors restaurants. La nostra maquin\u00e0ria sense<br \/>\ncintes evita deixar marques als tovallons i oferim \u00e0mplia diversitat de materials, colors i productes d&#8217;acabat (com el mid\u00f3) per satisfer les demandes m\u00e9s exigents.[\/vc_column_text]<div class=\"boc_spacing \" style=\"height: 20px\"><\/div>[\/vc_column_inner][vc_column_inner width=&#8221;1\/2&#8243;][vc_single_image alignment=&#8221;center&#8221; image=&#8221;23947&#8243;]<div class=\"boc_spacing \" style=\"height: 20px\"><\/div>[\/vc_column_inner][\/vc_row_inner]<\/div><\/div>\n\t\t\t\t<\/div>[\/vc_column][\/vc_row][vc_row full_width=&#8221;stretch_row&#8221; bg_type=&#8221;bg_color&#8221; enable_overlay=&#8221;off&#8221; el_class=&#8221;white_text&#8221; css=&#8221;.vc_custom_1573808681791{margin-bottom: 0px !important;padding-top: 24px !important;padding-bottom: 20px !important;}&#8221; bg_color_value=&#8221;#00adef&#8221;][vc_column]<div class=\"text_box calltoactionblau box_no_bgr \"><div class=\"text_box_content with_button\"><h2>Vols saber m\u00e9s sobre la qualitat dels nostres productes i serveis?<\/h2>\n\t\t\t\t\t<p><\/p>\n\t\t\t\t<\/div><div class=\"btn_holder\"><a\thref=\"\/contacte\" \n\t\t\t\t\tclass=\"button  btn_medium_stretched btn_white btn_circled btn_outline icon_pos_after \"  target='_self'><span>CONTACTA'NS<\/span> <i class='icon icon icon-angle-right2'><\/i> <\/a><\/div><\/div>[\/vc_column][\/vc_row]<\/p>\n","protected":false},"excerpt":{"rendered":"<p>[vc_row full_width=&#8221;stretch_row_content_no_spaces&#8221; css=&#8221;.vc_custom_1574844220914{margin-bottom: 0px !important;background-color: #fbfbfb !important;}&#8221;][vc_column][\/vc_column][\/vc_row][vc_row full_width=&#8221;stretch_row_content_no_spaces&#8221; css=&#8221;.vc_custom_1574154667761{margin-top: 0px !important;margin-bottom: 0px !important;padding-top: 0px !important;padding-bottom: 0px !important;}&#8221;][vc_column][\/vc_column][\/vc_row][vc_row equal_height=&#8221;yes&#8221; css=&#8221;.vc_custom_1574071631455{margin-top: 0px !important;margin-right: 0px !important;margin-bottom: 0px !important;margin-left: 0px !important;padding-top: 60px !important;padding-bottom: 60px !important;}&#8221;][vc_column width=&#8221;2\/3&#8243; el_class=&#8221;equal_height_column white_color&#8221;][vc_column_text]Complementant els serveis de rentat, oferim serveis de lloguer de roba per a cobrir les diferents necessitats de l&#8217;oferta hotelera: roba de llit per a les habitacions,<\/p>\n<div class=\"h10\"><\/div>\n<p><a class=\"more-link2 flat\" href=\"https:\/\/lavanderialapajarita.com\/ca\/lloguer\/\">Read more<\/a><\/p>\n","protected":false},"author":1,"featured_media":0,"parent":0,"menu_order":18,"comment_status":"open","ping_status":"closed","template":"","meta":[],"_links":{"self":[{"href":"https:\/\/lavanderialapajarita.com\/ca\/wp-json\/wp\/v2\/pages\/23933"}],"collection":[{"href":"https:\/\/lavanderialapajarita.com\/ca\/wp-json\/wp\/v2\/pages"}],"about":[{"href":"https:\/\/lavanderialapajarita.com\/ca\/wp-json\/wp\/v2\/types\/page"}],"author":[{"embeddable":true,"href":"https:\/\/lavanderialapajarita.com\/ca\/wp-json\/wp\/v2\/users\/1"}],"replies":[{"embeddable":true,"href":"https:\/\/lavanderialapajarita.com\/ca\/wp-json\/wp\/v2\/comments?post=23933"}],"version-history":[{"count":12,"href":"https:\/\/lavanderialapajarita.com\/ca\/wp-json\/wp\/v2\/pages\/23933\/revisions"}],"predecessor-version":[{"id":25126,"href":"https:\/\/lavanderialapajarita.com\/ca\/wp-json\/wp\/v2\/pages\/23933\/revisions\/25126"}],"wp:attachment":[{"href":"https:\/\/lavanderialapajarita.com\/ca\/wp-json\/wp\/v2\/media?parent=23933"}],"curies":[{"name":"wp","href":"https:\/\/api.w.org\/{rel}","templated":true}]}}